{"id":1060,"date":"2022-03-31T02:30:52","date_gmt":"2022-03-31T02:30:52","guid":{"rendered":"http:\/\/beta.bpovietnam.com\/?page_id=1060"},"modified":"2022-03-31T02:30:52","modified_gmt":"2022-03-31T02:30:52","slug":"doi-tac","status":"publish","type":"page","link":"https:\/\/bell24vietnam.vn\/en\/doi-tac\/","title":{"rendered":"Partners"},"content":{"rendered":"<h1>PARTNER<\/h1>\n<p style=\"text-align: center;\">We are proud of our sustainable, quality cooperation with MANY prestigious organizations and businesses at home and abroad. <\/p>\n<p>\t\t\t\t\t\t\t\t\t\tPARTNERSWe are proud of our sustainable, quality cooperation with MANY prestigious organizations and businesses at home and abroad.<\/p>\n<h2>Customer Service Association of Singapore (CCAS) <\/h2>\n<p>In October 2010, Bellsystem24 Vietnam was the first Vietnamese Group to join CCAS. CCAS is the world&#039;s leading organization in the Call Center field.<\/p>\n<p>\u00a0<\/p>\n<p>TRANSLATE with <img id=\"FloaterLogo\" \/> x<input id=\"LanguageMenu_svid\" style=\"display: none;\" autocomplete=\"on\" name=\"LanguageMenu_svid\" type=\"text\" value=\"en\" \/> <input id=\"LanguageMenu_textid\" style=\"display: none;\" autocomplete=\"on\" name=\"LanguageMenu_textid\" type=\"text\" \/> English<\/p>\n<table id=\"LanguageMenu\" border=\"0\">\n<tbody>\n<tr>\n<td><a tabindex=\"-1\" href=\"#ar\">Arabic<\/a><\/td>\n<td><a tabindex=\"-1\" href=\"#he\">Hebrew<\/a><\/td>\n<td><a tabindex=\"-1\" href=\"#pl\">Polish<\/a><\/td>\n<\/tr>\n<tr>\n<td><a tabindex=\"-1\" href=\"#bg\">Bulgarian<\/a><\/td>\n<td><a tabindex=\"-1\" href=\"#hi\">Hindi<\/a><\/td>\n<td><a tabindex=\"-1\" href=\"#pt\">Portuguese<\/a><\/td>\n<\/tr>\n<tr>\n<td><a tabindex=\"-1\" href=\"#ca\">Catalan<\/a><\/td>\n<td><a tabindex=\"-1\" href=\"#mww\">Hmong Daw<\/a><\/td>\n<td><a tabindex=\"-1\" href=\"#ro\">Romanian<\/a><\/td>\n<\/tr>\n<tr>\n<td><a tabindex=\"-1\" href=\"#zh-CHS\">Simplified<\/a><\/td>\n<td><a tabindex=\"-1\" href=\"#hu\">Hungarian<\/a><\/td>\n<td><a tabindex=\"-1\" href=\"#ru\">Russian<\/a><\/td>\n<\/tr>\n<tr>\n<td><a tabindex=\"-1\" href=\"#zh-CHT\">Chinese Traditional<\/a><\/td>\n<td><a tabindex=\"-1\" href=\"#id\">Indonesian<\/a><\/td>\n<td><a tabindex=\"-1\" href=\"#sk\">Slovak<\/a><\/td>\n<\/tr>\n<tr>\n<td><a tabindex=\"-1\" href=\"#cs\">Czech<\/a><\/td>\n<td><a tabindex=\"-1\" href=\"#it\">Italian<\/a><\/td>\n<td><a tabindex=\"-1\" href=\"#sl\">Slovenian<\/a><\/td>\n<\/tr>\n<tr>\n<td><a tabindex=\"-1\" href=\"#da\">Danish<\/a><\/td>\n<td><a tabindex=\"-1\" href=\"#ja\">Japanese<\/a><\/td>\n<td><a tabindex=\"-1\" href=\"#es\">Spanish<\/a><\/td>\n<\/tr>\n<tr>\n<td><a tabindex=\"-1\" href=\"#nl\">Dutch<\/a><\/td>\n<td><a tabindex=\"-1\" href=\"#tlh\">Klingon<\/a><\/td>\n<td><a tabindex=\"-1\" href=\"#sv\">Swedish<\/a><\/td>\n<\/tr>\n<tr>\n<td><a tabindex=\"-1\" href=\"#en\">English<\/a><\/td>\n<td><a tabindex=\"-1\" href=\"#ko\">Korean<\/a><\/td>\n<td><a tabindex=\"-1\" href=\"#th\">Thai<\/a><\/td>\n<\/tr>\n<tr>\n<td><a tabindex=\"-1\" href=\"#et\">Estonian<\/a><\/td>\n<td><a tabindex=\"-1\" href=\"#lv\">Latvian<\/a><\/td>\n<td><a tabindex=\"-1\" href=\"#tr\">Turkish<\/a><\/td>\n<\/tr>\n<tr>\n<td><a tabindex=\"-1\" href=\"#fi\">Finnish<\/a><\/td>\n<td><a tabindex=\"-1\" href=\"#lt\">Lithuanian<\/a><\/td>\n<td><a tabindex=\"-1\" href=\"#uk\">Ukrainian<\/a><\/td>\n<\/tr>\n<tr>\n<td><a tabindex=\"-1\" href=\"#fr\">French<\/a><\/td>\n<td><a tabindex=\"-1\" href=\"#ms\">Malay<\/a><\/td>\n<td><a tabindex=\"-1\" href=\"#ur\">Urdu<\/a><\/td>\n<\/tr>\n<tr>\n<td><a tabindex=\"-1\" href=\"#de\">German<\/a><\/td>\n<td><a tabindex=\"-1\" href=\"#mt\">Maltese<\/a><\/td>\n<td><a tabindex=\"-1\" href=\"#vi\">Vietnamese<\/a><\/td>\n<\/tr>\n<tr>\n<td><a tabindex=\"-1\" href=\"#el\">Greek<\/a><\/td>\n<td><a tabindex=\"-1\" href=\"#no\">Norwegian<\/a><\/td>\n<td><a tabindex=\"-1\" href=\"#cy\">Welsh<\/a><\/td>\n<\/tr>\n<tr>\n<td><a tabindex=\"-1\" href=\"#ht\">Haitian Creole<\/a><\/td>\n<td><a tabindex=\"-1\" href=\"#fa\">Persian<\/a><\/td>\n<td>\u00a0<\/td>\n<\/tr>\n<\/tbody>\n<\/table>\n<p><img style=\"height: 7px; width: 17px; border-width: 0px; left: 20px;\" alt=\"\" \/><a id=\"HelpLink\" title=\"Help\" href=\"https:\/\/go.microsoft.com\/?linkid=9722454\" target=\"_blank\" rel=\"noopener\"> <img id=\"HelpImg\" \/><\/a> <a id=\"EmbedLink\" title=\"Get this widget for your own site\"><\/a> <img id=\"EmbedImg\" \/> <a id=\"ShareLink\" title=\"Share translated page with friends\"><\/a> <img id=\"ShareImg\" \/> \u00a0TRANSLATE with <img id=\"CollapsedLogoImg\" \/> COPY THE URL BELOW <input id=\"ShareTextbox\" name=\"ShareTextbox\" readonly=\"readonly\" type=\"text\" \/> <!--a id=\"TwitterLink\" title=\"Share on Twitter\"> <img id=\"TwitterImg\" \/><\/a> <a-- id=\"FacebookLink\" title=\"Share on Facebook\"> <img id=\"FacebookImg\" \/><\/a--> <a id=\"EmailLink\" title=\"Email this translation\"><\/a> <img id=\"EmailImg\" \/><a id=\"ShareHelpLink\"><\/a> <img id=\"ShareHelpImg\" \/> <a id=\"ShareBack\" title=\"Back To Translation\"><\/a> Back<input id=\"EmailSubject\" name=\"EmailSubject\" type=\"hidden\" value=\"Check out this page in {0} translated from {1}\" \/> <input id=\"EmailBody\" name=\"EmailBody\" type=\"hidden\" value=\"Translated: {0}%0d%0aOriginal: {1}%0d%0a%0d%0aAutomatic translation powered by Microsoft\u00ae Translator%0d%0ahttp:\/\/www.bing.com\/translator?ref=MSTWidget\" \/> <input id=\"ShareHelpText\" type=\"hidden\" value=\"This link allows visitors to launch this page and automatically translate it to {0}.\" \/>EMBED THE SNIPPET BELOW IN YOUR SITE <a id=\"EmbedHelpLink\" title=\"Copy this code and place it into your HTML.\"><\/a> <img id=\"EmbedHelpImg\" \/><input id=\"EmbedSnippetTextBox\" name=\"EmbedSnippetTextBox\" readonly=\"readonly\" type=\"text\" value=\"&lt;div id='MicrosoftTranslatorWidget' class='Dark' style='color:white;background-color:#555555'&gt;&lt;\/div&gt;&lt;script type='text\/javascript'&gt;setTimeout(function(){var s=document.createElement('script');s.type='text\/javascript';s.charset='UTF-8';s.src=((location &amp;&amp; location.href &amp;&amp; location.href.indexOf('https') == 0)?'https:\/\/ssl.microsofttranslator.com':'http:\/\/www.microsofttranslator.com')+'\/ajax\/v3\/WidgetV3.ashx?siteData=ueOIGRSKkd965FeEGM5JtQ**&amp;ctf=true&amp;ui=true&amp;settings=manual&amp;from=en';var p=document.getElementsByTagName('head')[0]||document.documentElement;p.insertBefore(s,p.firstChild); },0);&lt;\/script&gt;\" \/>Enable collaborative features and customize widgets: <a href=\"http:\/\/www.bing.com\/widget\/translator\" target=\"_blank\" rel=\"noopener\">Bing Webmaster Portal<\/a><a title=\"Back To Translation\">Back<\/a><br \/>\n\t\t\t\t\t\t\t\t\t\t\t\t\t\t\t<img loading=\"lazy\" decoding=\"async\" width=\"600\" height=\"400\" src=\"https:\/\/bell24vietnam.vn\/wp-content\/uploads\/2022\/05\/CCAS.jpg\" alt=\"\" srcset=\"https:\/\/bell24vietnam.vn\/wp-content\/uploads\/2022\/05\/CCAS.jpg 600w, https:\/\/bell24vietnam.vn\/wp-content\/uploads\/2022\/05\/CCAS-300x200.jpg 300w\" sizes=\"auto, (max-width: 600px) 100vw, 600px\" \/><\/p>\n<h2>CanCham Organization<\/h2>\n<p>In May 2011, Bellsystem24 Vietnam officially joined CanCham \u2013 an organization that enhances cooperation between businesses and its member communities. Present in Vietnam since 1994, CanCham is one of the most active organizations in the Vietnamese business community.<\/p>\n<p>\u00a0<\/p>\n<p>TRANSLATE with <img id=\"FloaterLogo\" \/> x<input id=\"LanguageMenu_svid\" style=\"display: none;\" autocomplete=\"on\" name=\"LanguageMenu_svid\" type=\"text\" value=\"en\" \/> <input id=\"LanguageMenu_textid\" style=\"display: none;\" autocomplete=\"on\" name=\"LanguageMenu_textid\" type=\"text\" \/> English<\/p>\n<table id=\"LanguageMenu\" border=\"0\">\n<tbody>\n<tr>\n<td><a tabindex=\"-1\" href=\"#ar\">Arabic<\/a><\/td>\n<td><a tabindex=\"-1\" href=\"#he\">Hebrew<\/a><\/td>\n<td><a tabindex=\"-1\" href=\"#pl\">Polish<\/a><\/td>\n<\/tr>\n<tr>\n<td><a tabindex=\"-1\" href=\"#bg\">Bulgarian<\/a><\/td>\n<td><a tabindex=\"-1\" href=\"#hi\">Hindi<\/a><\/td>\n<td><a tabindex=\"-1\" href=\"#pt\">Portuguese<\/a><\/td>\n<\/tr>\n<tr>\n<td><a tabindex=\"-1\" href=\"#ca\">Catalan<\/a><\/td>\n<td><a tabindex=\"-1\" href=\"#mww\">Hmong Daw<\/a><\/td>\n<td><a tabindex=\"-1\" href=\"#ro\">Romanian<\/a><\/td>\n<\/tr>\n<tr>\n<td><a tabindex=\"-1\" href=\"#zh-CHS\">Simplified<\/a><\/td>\n<td><a tabindex=\"-1\" href=\"#hu\">Hungarian<\/a><\/td>\n<td><a tabindex=\"-1\" href=\"#ru\">Russian<\/a><\/td>\n<\/tr>\n<tr>\n<td><a tabindex=\"-1\" href=\"#zh-CHT\">Chinese Traditional<\/a><\/td>\n<td><a tabindex=\"-1\" href=\"#id\">Indonesian<\/a><\/td>\n<td><a tabindex=\"-1\" href=\"#sk\">Slovak<\/a><\/td>\n<\/tr>\n<tr>\n<td><a tabindex=\"-1\" href=\"#cs\">Czech<\/a><\/td>\n<td><a tabindex=\"-1\" href=\"#it\">Italian<\/a><\/td>\n<td><a tabindex=\"-1\" href=\"#sl\">Slovenian<\/a><\/td>\n<\/tr>\n<tr>\n<td><a tabindex=\"-1\" href=\"#da\">Danish<\/a><\/td>\n<td><a tabindex=\"-1\" href=\"#ja\">Japanese<\/a><\/td>\n<td><a tabindex=\"-1\" href=\"#es\">Spanish<\/a><\/td>\n<\/tr>\n<tr>\n<td><a tabindex=\"-1\" href=\"#nl\">Dutch<\/a><\/td>\n<td><a tabindex=\"-1\" href=\"#tlh\">Klingon<\/a><\/td>\n<td><a tabindex=\"-1\" href=\"#sv\">Swedish<\/a><\/td>\n<\/tr>\n<tr>\n<td><a tabindex=\"-1\" href=\"#en\">English<\/a><\/td>\n<td><a tabindex=\"-1\" href=\"#ko\">Korean<\/a><\/td>\n<td><a tabindex=\"-1\" href=\"#th\">Thai<\/a><\/td>\n<\/tr>\n<tr>\n<td><a tabindex=\"-1\" href=\"#et\">Estonian<\/a><\/td>\n<td><a tabindex=\"-1\" href=\"#lv\">Latvian<\/a><\/td>\n<td><a tabindex=\"-1\" href=\"#tr\">Turkish<\/a><\/td>\n<\/tr>\n<tr>\n<td><a tabindex=\"-1\" href=\"#fi\">Finnish<\/a><\/td>\n<td><a tabindex=\"-1\" href=\"#lt\">Lithuanian<\/a><\/td>\n<td><a tabindex=\"-1\" href=\"#uk\">Ukrainian<\/a><\/td>\n<\/tr>\n<tr>\n<td><a tabindex=\"-1\" href=\"#fr\">French<\/a><\/td>\n<td><a tabindex=\"-1\" href=\"#ms\">Malay<\/a><\/td>\n<td><a tabindex=\"-1\" href=\"#ur\">Urdu<\/a><\/td>\n<\/tr>\n<tr>\n<td><a tabindex=\"-1\" href=\"#de\">German<\/a><\/td>\n<td><a tabindex=\"-1\" href=\"#mt\">Maltese<\/a><\/td>\n<td><a tabindex=\"-1\" href=\"#vi\">Vietnamese<\/a><\/td>\n<\/tr>\n<tr>\n<td><a tabindex=\"-1\" href=\"#el\">Greek<\/a><\/td>\n<td><a tabindex=\"-1\" href=\"#no\">Norwegian<\/a><\/td>\n<td><a tabindex=\"-1\" href=\"#cy\">Welsh<\/a><\/td>\n<\/tr>\n<tr>\n<td><a tabindex=\"-1\" href=\"#ht\">Haitian Creole<\/a><\/td>\n<td><a tabindex=\"-1\" href=\"#fa\">Persian<\/a><\/td>\n<td>\u00a0<\/td>\n<\/tr>\n<\/tbody>\n<\/table>\n<p><img style=\"height: 7px; width: 17px; border-width: 0px; left: 20px;\" alt=\"\" \/><a id=\"HelpLink\" title=\"Help\" href=\"https:\/\/go.microsoft.com\/?linkid=9722454\" target=\"_blank\" rel=\"noopener\"> <img id=\"HelpImg\" \/><\/a> <a id=\"EmbedLink\" title=\"Get this widget for your own site\"><\/a> <img id=\"EmbedImg\" \/> <a id=\"ShareLink\" title=\"Share translated page with friends\"><\/a> <img id=\"ShareImg\" \/> \u00a0TRANSLATE with <img id=\"CollapsedLogoImg\" \/> COPY THE URL BELOW <input id=\"ShareTextbox\" name=\"ShareTextbox\" readonly=\"readonly\" type=\"text\" \/> <!--a id=\"TwitterLink\" title=\"Share on Twitter\"> <img id=\"TwitterImg\" \/><\/a> <a-- id=\"FacebookLink\" title=\"Share on Facebook\"> <img id=\"FacebookImg\" \/><\/a--> <a id=\"EmailLink\" title=\"Email this translation\"><\/a> <img id=\"EmailImg\" \/><a id=\"ShareHelpLink\"><\/a> <img id=\"ShareHelpImg\" \/> <a id=\"ShareBack\" title=\"Back To Translation\"><\/a> Back<input id=\"EmailSubject\" name=\"EmailSubject\" type=\"hidden\" value=\"Check out this page in {0} translated from {1}\" \/> <input id=\"EmailBody\" name=\"EmailBody\" type=\"hidden\" value=\"Translated: {0}%0d%0aOriginal: {1}%0d%0a%0d%0aAutomatic translation powered by Microsoft\u00ae Translator%0d%0ahttp:\/\/www.bing.com\/translator?ref=MSTWidget\" \/> <input id=\"ShareHelpText\" type=\"hidden\" value=\"This link allows visitors to launch this page and automatically translate it to {0}.\" \/>EMBED THE SNIPPET BELOW IN YOUR SITE <a id=\"EmbedHelpLink\" title=\"Copy this code and place it into your HTML.\"><\/a> <img id=\"EmbedHelpImg\" \/><input id=\"EmbedSnippetTextBox\" name=\"EmbedSnippetTextBox\" readonly=\"readonly\" type=\"text\" value=\"&lt;div id='MicrosoftTranslatorWidget' class='Dark' style='color:white;background-color:#555555'&gt;&lt;\/div&gt;&lt;script type='text\/javascript'&gt;setTimeout(function(){var s=document.createElement('script');s.type='text\/javascript';s.charset='UTF-8';s.src=((location &amp;&amp; location.href &amp;&amp; location.href.indexOf('https') == 0)?'https:\/\/ssl.microsofttranslator.com':'http:\/\/www.microsofttranslator.com')+'\/ajax\/v3\/WidgetV3.ashx?siteData=ueOIGRSKkd965FeEGM5JtQ**&amp;ctf=true&amp;ui=true&amp;settings=manual&amp;from=en';var p=document.getElementsByTagName('head')[0]||document.documentElement;p.insertBefore(s,p.firstChild); },0);&lt;\/script&gt;\" \/>Enable collaborative features and customize widgets: <a href=\"http:\/\/www.bing.com\/widget\/translator\" target=\"_blank\" rel=\"noopener\">Bing Webmaster Portal<\/a><a title=\"Back To Translation\">Back<\/a><br \/>\n\t\t\t\t\t\t\t\t\t\t\t\t\t\t\t<img loading=\"lazy\" decoding=\"async\" width=\"600\" height=\"400\" src=\"https:\/\/bell24vietnam.vn\/wp-content\/uploads\/2022\/05\/cancham.jpg\" alt=\"\" srcset=\"https:\/\/bell24vietnam.vn\/wp-content\/uploads\/2022\/05\/cancham.jpg 600w, https:\/\/bell24vietnam.vn\/wp-content\/uploads\/2022\/05\/cancham-300x200.jpg 300w\" sizes=\"auto, (max-width: 600px) 100vw, 600px\" \/><\/p>\n<h2>Vocalcom<\/h2>\n<p>\t\tSince 2014, Bellsystem24 Vietnam has officially become an exclusive partner with Vocalcom - the world&#039;s leading customer care software manufacturer.<br \/>\n\t\t\t\t\t\t\t\t\t\t\t\t\t\t\t<img loading=\"lazy\" decoding=\"async\" width=\"600\" height=\"400\" src=\"https:\/\/bell24vietnam.vn\/wp-content\/uploads\/2022\/05\/vocalcom.jpg\" alt=\"\" srcset=\"https:\/\/bell24vietnam.vn\/wp-content\/uploads\/2022\/05\/vocalcom.jpg 600w, https:\/\/bell24vietnam.vn\/wp-content\/uploads\/2022\/05\/vocalcom-300x200.jpg 300w\" sizes=\"auto, (max-width: 600px) 100vw, 600px\" \/><\/p>\n<h4>Connect with us<\/h4>\n<h2>Want to get advice or cooperation proposal? Let Bell24VN Help You Understand Better Through Live Chat <\/h2>\n<p>\t\t\t<a role=\"button\"><br \/>\n\t\t\t\t\t\tFill out the form<br \/>\n\t\t\t\t\t<\/a><br \/>\n\t\t\t<a href=\"tel:19001739\" role=\"button\"><br \/>\n\t\t\t\t\t\tHotline<br \/>\n\t\t\t\t\t<\/a><br \/>\n\t\t\t\t\t\t\t\t\t\t\t\t\t\t\t<img loading=\"lazy\" decoding=\"async\" width=\"729\" height=\"680\" src=\"https:\/\/bell24vietnam.vn\/wp-content\/uploads\/2022\/04\/model-e1650208590202.png\" alt=\"model\" srcset=\"https:\/\/bell24vietnam.vn\/wp-content\/uploads\/2022\/04\/model-e1650208590202.png 729w, https:\/\/bell24vietnam.vn\/wp-content\/uploads\/2022\/04\/model-e1650208590202-300x280.png 300w\" sizes=\"auto, (max-width: 729px) 100vw, 729px\" \/><\/p>","protected":false},"excerpt":{"rendered":"<p>\u0110\u1ed0I T\u00c1C Ch\u00fang t\u00f4i t\u1ef1 h\u00e0o v\u00ec s\u1ef1 h\u1ee3p t\u00e1c b\u1ec1n v\u1eefng, ch\u1ea5t l\u01b0\u1ee3ng v\u1edbi NHI\u1ec0U t\u1ed5 ch\u1ee9c, doanh nghi\u1ec7p [&hellip;]<\/p>","protected":false},"author":1,"featured_media":0,"parent":0,"menu_order":0,"comment_status":"closed","ping_status":"closed","template":"","meta":{"_acf_changed":false,"_monsterinsights_skip_tracking":false,"_monsterinsights_sitenote_active":false,"_monsterinsights_sitenote_note":"","_monsterinsights_sitenote_category":0,"site-sidebar-layout":"no-sidebar","site-content-layout":"page-builder","ast-site-content-layout":"","site-content-style":"default","site-sidebar-style":"default","ast-global-header-display":"","ast-banner-title-visibility":"","ast-main-header-display":"","ast-hfb-above-header-display":"","ast-hfb-below-header-display":"","ast-hfb-mobile-header-display":"","site-post-title":"disabled","ast-breadcrumbs-content":"","ast-featured-img":"disabled","footer-sml-layout":"","theme-transparent-header-meta":"default","adv-header-id-meta":"","stick-header-meta":"","header-above-stick-meta":"","header-main-stick-meta":"","header-below-stick-meta":"","astra-migrate-meta-layouts":"default","ast-page-background-enabled":"default","ast-page-background-meta":{"desktop":{"background-color":"var(--ast-global-color-4)","background-image":"","background-repeat":"repeat","background-position":"center center","background-size":"auto","background-attachment":"scroll","background-type":"","background-media":"","overlay-type":"","overlay-color":"","overlay-opacity":"","overlay-gradient":""},"tablet":{"background-color":"","background-image":"","background-repeat":"repeat","background-position":"center center","background-size":"auto","background-attachment":"scroll","background-type":"","background-media":"","overlay-type":"","overlay-color":"","overlay-opacity":"","overlay-gradient":""},"mobile":{"background-color":"","background-image":"","background-repeat":"repeat","background-position":"center center","background-size":"auto","background-attachment":"scroll","background-type":"","background-media":"","overlay-type":"","overlay-color":"","overlay-opacity":"","overlay-gradient":""}},"ast-content-background-meta":{"desktop":{"background-color":"var(--ast-global-color-5)","background-image":"","background-repeat":"repeat","background-position":"center center","background-size":"auto","background-attachment":"scroll","background-type":"","background-media":"","overlay-type":"","overlay-color":"","overlay-opacity":"","overlay-gradient":""},"tablet":{"background-color":"var(--ast-global-color-5)","background-image":"","background-repeat":"repeat","background-position":"center center","background-size":"auto","background-attachment":"scroll","background-type":"","background-media":"","overlay-type":"","overlay-color":"","overlay-opacity":"","overlay-gradient":""},"mobile":{"background-color":"var(--ast-global-color-5)","background-image":"","background-repeat":"repeat","background-position":"center center","background-size":"auto","background-attachment":"scroll","background-type":"","background-media":"","overlay-type":"","overlay-color":"","overlay-opacity":"","overlay-gradient":""}},"footnotes":""},"class_list":["post-1060","page","type-page","status-publish","hentry"],"acf":[],"yoast_head":"<!-- This site is optimized with the Yoast SEO plugin v23.0 - https:\/\/yoast.com\/wordpress\/plugins\/seo\/ -->\n<title>\u0110\u1ed1i t\u00e1c - Bellsystem24 Vietnam<\/title>\n<meta name=\"description\" content=\"Ch\u00fang t\u00f4i t\u1ef1 h\u00e0o v\u00ec s\u1ef1 h\u1ee3p t\u00e1c b\u1ec1n v\u1eefng, ch\u1ea5t l\u01b0\u1ee3ng v\u1edbi NHI\u1ec0U t\u1ed5 ch\u1ee9c, doanh nghi\u1ec7p uy t\u00edn trong v\u00e0 ngo\u00e0i n\u01b0\u1edbc\" \/>\n<meta name=\"robots\" content=\"index, follow, max-snippet:-1, max-image-preview:large, max-video-preview:-1\" \/>\n<link rel=\"canonical\" href=\"https:\/\/bell24vietnam.vn\/en\/doi-tac\/\" \/>\n<meta property=\"og:locale\" content=\"en_US\" \/>\n<meta property=\"og:type\" content=\"article\" \/>\n<meta property=\"og:title\" content=\"\u0110\u1ed1i t\u00e1c - Bellsystem24 Vietnam\" \/>\n<meta property=\"og:description\" content=\"Ch\u00fang t\u00f4i t\u1ef1 h\u00e0o v\u00ec s\u1ef1 h\u1ee3p t\u00e1c b\u1ec1n v\u1eefng, ch\u1ea5t l\u01b0\u1ee3ng v\u1edbi NHI\u1ec0U t\u1ed5 ch\u1ee9c, doanh nghi\u1ec7p uy t\u00edn trong v\u00e0 ngo\u00e0i n\u01b0\u1edbc\" \/>\n<meta property=\"og:url\" content=\"https:\/\/bell24vietnam.vn\/en\/doi-tac\/\" \/>\n<meta property=\"og:site_name\" content=\"Bellsystem24 Vietnam\" \/>\n<meta property=\"article:publisher\" content=\"https:\/\/www.facebook.com\/BELLSYSTEM24.VIETNAM\" \/>\n<meta property=\"og:image\" content=\"https:\/\/bell24vietnam.vn\/wp-content\/uploads\/2022\/05\/CCAS.jpg\" \/>\n<meta name=\"twitter:card\" content=\"summary_large_image\" \/>\n<meta name=\"twitter:label1\" content=\"Est. reading time\" \/>\n\t<meta name=\"twitter:data1\" content=\"8 minutes\" \/>\n<script type=\"application\/ld+json\" class=\"yoast-schema-graph\">{\"@context\":\"https:\/\/schema.org\",\"@graph\":[{\"@type\":\"WebPage\",\"@id\":\"https:\/\/bell24vietnam.vn\/doi-tac\/\",\"url\":\"https:\/\/bell24vietnam.vn\/doi-tac\/\",\"name\":\"\u0110\u1ed1i t\u00e1c - Bellsystem24 Vietnam\",\"isPartOf\":{\"@id\":\"https:\/\/bell24vietnam.vn\/#website\"},\"primaryImageOfPage\":{\"@id\":\"https:\/\/bell24vietnam.vn\/doi-tac\/#primaryimage\"},\"image\":{\"@id\":\"https:\/\/bell24vietnam.vn\/doi-tac\/#primaryimage\"},\"thumbnailUrl\":\"https:\/\/bell24vietnam.vn\/wp-content\/uploads\/2022\/05\/CCAS.jpg\",\"datePublished\":\"2022-03-31T02:30:52+00:00\",\"dateModified\":\"2022-03-31T02:30:52+00:00\",\"description\":\"Ch\u00fang t\u00f4i t\u1ef1 h\u00e0o v\u00ec s\u1ef1 h\u1ee3p t\u00e1c b\u1ec1n v\u1eefng, ch\u1ea5t l\u01b0\u1ee3ng v\u1edbi NHI\u1ec0U t\u1ed5 ch\u1ee9c, doanh nghi\u1ec7p uy t\u00edn trong v\u00e0 ngo\u00e0i n\u01b0\u1edbc\",\"breadcrumb\":{\"@id\":\"https:\/\/bell24vietnam.vn\/doi-tac\/#breadcrumb\"},\"inLanguage\":\"en-US\",\"potentialAction\":[{\"@type\":\"ReadAction\",\"target\":[\"https:\/\/bell24vietnam.vn\/doi-tac\/\"]}]},{\"@type\":\"ImageObject\",\"inLanguage\":\"en-US\",\"@id\":\"https:\/\/bell24vietnam.vn\/doi-tac\/#primaryimage\",\"url\":\"https:\/\/bell24vietnam.vn\/wp-content\/uploads\/2022\/05\/CCAS.jpg\",\"contentUrl\":\"https:\/\/bell24vietnam.vn\/wp-content\/uploads\/2022\/05\/CCAS.jpg\"},{\"@type\":\"BreadcrumbList\",\"@id\":\"https:\/\/bell24vietnam.vn\/doi-tac\/#breadcrumb\",\"itemListElement\":[{\"@type\":\"ListItem\",\"position\":1,\"name\":\"Home\",\"item\":\"https:\/\/bell24vietnam.vn\/\"},{\"@type\":\"ListItem\",\"position\":2,\"name\":\"\u0110\u1ed1i t\u00e1c\"}]},{\"@type\":\"WebSite\",\"@id\":\"https:\/\/bell24vietnam.vn\/#website\",\"url\":\"https:\/\/bell24vietnam.vn\/\",\"name\":\"Bellsystem24 Vietnam\",\"description\":\"Every voice matter\",\"publisher\":{\"@id\":\"https:\/\/bell24vietnam.vn\/#organization\"},\"potentialAction\":[{\"@type\":\"SearchAction\",\"target\":{\"@type\":\"EntryPoint\",\"urlTemplate\":\"https:\/\/bell24vietnam.vn\/?s={search_term_string}\"},\"query-input\":\"required name=search_term_string\"}],\"inLanguage\":\"en-US\"},{\"@type\":\"Organization\",\"@id\":\"https:\/\/bell24vietnam.vn\/#organization\",\"name\":\"Bellsystem24 Vietnam\",\"url\":\"https:\/\/bell24vietnam.vn\/\",\"logo\":{\"@type\":\"ImageObject\",\"inLanguage\":\"en-US\",\"@id\":\"https:\/\/bell24vietnam.vn\/#\/schema\/logo\/image\/\",\"url\":\"https:\/\/bell24vietnam.vn\/wp-content\/uploads\/2024\/06\/BellSystem24.png\",\"contentUrl\":\"https:\/\/bell24vietnam.vn\/wp-content\/uploads\/2024\/06\/BellSystem24.png\",\"width\":426,\"height\":118,\"caption\":\"Bellsystem24 Vietnam\"},\"image\":{\"@id\":\"https:\/\/bell24vietnam.vn\/#\/schema\/logo\/image\/\"},\"sameAs\":[\"https:\/\/www.facebook.com\/BELLSYSTEM24.VIETNAM\",\"https:\/\/www.youtube.com\/@BELLSYSTEM24.VIETNAM\",\"https:\/\/www.linkedin.com\/company\/bellsystem24vietnam\"]}]}<\/script>\n<!-- \/ Yoast SEO plugin. -->","yoast_head_json":{"title":"\u0110\u1ed1i t\u00e1c - Bellsystem24 Vietnam","description":"We are proud of our sustainable, quality cooperation with MANY prestigious organizations and businesses at home and abroad.","robots":{"index":"index","follow":"follow","max-snippet":"max-snippet:-1","max-image-preview":"max-image-preview:large","max-video-preview":"max-video-preview:-1"},"canonical":"https:\/\/bell24vietnam.vn\/en\/doi-tac\/","og_locale":"en_US","og_type":"article","og_title":"\u0110\u1ed1i t\u00e1c - Bellsystem24 Vietnam","og_description":"Ch\u00fang t\u00f4i t\u1ef1 h\u00e0o v\u00ec s\u1ef1 h\u1ee3p t\u00e1c b\u1ec1n v\u1eefng, ch\u1ea5t l\u01b0\u1ee3ng v\u1edbi NHI\u1ec0U t\u1ed5 ch\u1ee9c, doanh nghi\u1ec7p uy t\u00edn trong v\u00e0 ngo\u00e0i n\u01b0\u1edbc","og_url":"https:\/\/bell24vietnam.vn\/en\/doi-tac\/","og_site_name":"Bellsystem24 Vietnam","article_publisher":"https:\/\/www.facebook.com\/BELLSYSTEM24.VIETNAM","og_image":[{"url":"https:\/\/bell24vietnam.vn\/wp-content\/uploads\/2022\/05\/CCAS.jpg"}],"twitter_card":"summary_large_image","twitter_misc":{"Est. reading time":"8 minutes"},"schema":{"@context":"https:\/\/schema.org","@graph":[{"@type":"WebPage","@id":"https:\/\/bell24vietnam.vn\/doi-tac\/","url":"https:\/\/bell24vietnam.vn\/doi-tac\/","name":"\u0110\u1ed1i t\u00e1c - Bellsystem24 Vietnam","isPartOf":{"@id":"https:\/\/bell24vietnam.vn\/#website"},"primaryImageOfPage":{"@id":"https:\/\/bell24vietnam.vn\/doi-tac\/#primaryimage"},"image":{"@id":"https:\/\/bell24vietnam.vn\/doi-tac\/#primaryimage"},"thumbnailUrl":"https:\/\/bell24vietnam.vn\/wp-content\/uploads\/2022\/05\/CCAS.jpg","datePublished":"2022-03-31T02:30:52+00:00","dateModified":"2022-03-31T02:30:52+00:00","description":"We are proud of our sustainable, quality cooperation with MANY prestigious organizations and businesses at home and abroad.","breadcrumb":{"@id":"https:\/\/bell24vietnam.vn\/doi-tac\/#breadcrumb"},"inLanguage":"en-US","potentialAction":[{"@type":"ReadAction","target":["https:\/\/bell24vietnam.vn\/doi-tac\/"]}]},{"@type":"ImageObject","inLanguage":"en-US","@id":"https:\/\/bell24vietnam.vn\/doi-tac\/#primaryimage","url":"https:\/\/bell24vietnam.vn\/wp-content\/uploads\/2022\/05\/CCAS.jpg","contentUrl":"https:\/\/bell24vietnam.vn\/wp-content\/uploads\/2022\/05\/CCAS.jpg"},{"@type":"BreadcrumbList","@id":"https:\/\/bell24vietnam.vn\/doi-tac\/#breadcrumb","itemListElement":[{"@type":"ListItem","position":1,"name":"Home","item":"https:\/\/bell24vietnam.vn\/"},{"@type":"ListItem","position":2,"name":"\u0110\u1ed1i t\u00e1c"}]},{"@type":"WebSite","@id":"https:\/\/bell24vietnam.vn\/#website","url":"https:\/\/bell24vietnam.vn\/","name":"Bellsystem24 Vietnam","description":"Every voice matters","publisher":{"@id":"https:\/\/bell24vietnam.vn\/#organization"},"potentialAction":[{"@type":"SearchAction","target":{"@type":"EntryPoint","urlTemplate":"https:\/\/bell24vietnam.vn\/?s={search_term_string}"},"query-input":"required name=search_term_string"}],"inLanguage":"en-US"},{"@type":"Organization","@id":"https:\/\/bell24vietnam.vn\/#organization","name":"Bellsystem24 Vietnam","url":"https:\/\/bell24vietnam.vn\/","logo":{"@type":"ImageObject","inLanguage":"en-US","@id":"https:\/\/bell24vietnam.vn\/#\/schema\/logo\/image\/","url":"https:\/\/bell24vietnam.vn\/wp-content\/uploads\/2024\/06\/BellSystem24.png","contentUrl":"https:\/\/bell24vietnam.vn\/wp-content\/uploads\/2024\/06\/BellSystem24.png","width":426,"height":118,"caption":"Bellsystem24 Vietnam"},"image":{"@id":"https:\/\/bell24vietnam.vn\/#\/schema\/logo\/image\/"},"sameAs":["https:\/\/www.facebook.com\/BELLSYSTEM24.VIETNAM","https:\/\/www.youtube.com\/@BELLSYSTEM24.VIETNAM","https:\/\/www.linkedin.com\/company\/bellsystem24vietnam"]}]}},"_links":{"self":[{"href":"https:\/\/bell24vietnam.vn\/en\/wp-json\/wp\/v2\/pages\/1060","targetHints":{"allow":["GET"]}}],"collection":[{"href":"https:\/\/bell24vietnam.vn\/en\/wp-json\/wp\/v2\/pages"}],"about":[{"href":"https:\/\/bell24vietnam.vn\/en\/wp-json\/wp\/v2\/types\/page"}],"author":[{"embeddable":true,"href":"https:\/\/bell24vietnam.vn\/en\/wp-json\/wp\/v2\/users\/1"}],"replies":[{"embeddable":true,"href":"https:\/\/bell24vietnam.vn\/en\/wp-json\/wp\/v2\/comments?post=1060"}],"version-history":[{"count":0,"href":"https:\/\/bell24vietnam.vn\/en\/wp-json\/wp\/v2\/pages\/1060\/revisions"}],"wp:attachment":[{"href":"https:\/\/bell24vietnam.vn\/en\/wp-json\/wp\/v2\/media?parent=1060"}],"curies":[{"name":"wp","href":"https:\/\/api.w.org\/{rel}","templated":true}]}}