{"id":11126,"date":"2023-09-18T10:55:07","date_gmt":"2023-09-18T03:55:07","guid":{"rendered":"https:\/\/bell24vietnam.vn\/?page_id=11126"},"modified":"2023-09-18T10:55:07","modified_gmt":"2023-09-18T03:55:07","slug":"cam-on-trung-thu-yeu-thuong","status":"publish","type":"page","link":"https:\/\/bell24vietnam.vn\/en\/cam-on-trung-thu-yeu-thuong\/","title":{"rendered":"C\u1ea3m \u01a1n, Trung thu y\u00eau th\u01b0\u01a1ng"},"content":{"rendered":"<div data-elementor-type=\"wp-page\" data-elementor-id=\"11126\" class=\"elementor elementor-11126\" data-elementor-post-type=\"page\">\n\t\t\t\t\t\t<section class=\"elementor-section elementor-top-section elementor-element elementor-element-6e45ef8 elementor-section-full_width elementor-section-height-full elementor-section-height-default elementor-section-items-middle\" data-id=\"6e45ef8\" data-element_type=\"section\" data-settings=\"{&quot;background_background&quot;:&quot;classic&quot;}\">\n\t\t\t\t\t\t\t<div class=\"elementor-background-overlay\"><\/div>\n\t\t\t\t\t\t\t<div class=\"elementor-container elementor-column-gap-default\">\n\t\t\t\t\t<div class=\"elementor-column elementor-col-100 elementor-top-column elementor-element elementor-element-82d192b\" data-id=\"82d192b\" data-element_type=\"column\">\n\t\t\t<div class=\"elementor-widget-wrap elementor-element-populated\">\n\t\t\t\t\t\t<section class=\"elementor-section elementor-inner-section elementor-element elementor-element-33ebd9b elementor-section-boxed elementor-section-height-default elementor-section-height-default\" data-id=\"33ebd9b\" data-element_type=\"section\">\n\t\t\t\t\t\t<div class=\"elementor-container elementor-column-gap-default\">\n\t\t\t\t\t<div class=\"elementor-column elementor-col-100 elementor-inner-column elementor-element elementor-element-b1fbd40\" data-id=\"b1fbd40\" data-element_type=\"column\">\n\t\t\t<div class=\"elementor-widget-wrap elementor-element-populated\">\n\t\t\t\t\t\t<div class=\"elementor-element elementor-element-53dec5a elementor-widget elementor-widget-image\" data-id=\"53dec5a\" data-element_type=\"widget\" data-widget_type=\"image.default\">\n\t\t\t\t<div class=\"elementor-widget-container\">\n\t\t\t\t\t\t\t\t\t\t\t\t\t\t\t<img decoding=\"async\" src=\"https:\/\/bell24vietnam.vn\/wp-content\/uploads\/2023\/09\/Bellsystem24hoasao-white-03.png\" title=\"\" alt=\"Bellsystem24hoasao white-03\" loading=\"lazy\" \/>\t\t\t\t\t\t\t\t\t\t\t\t\t\t\t<\/div>\n\t\t\t\t<\/div>\n\t\t\t\t<div class=\"elementor-element elementor-element-307b1fa elementor-widget elementor-widget-heading\" data-id=\"307b1fa\" data-element_type=\"widget\" data-widget_type=\"heading.default\">\n\t\t\t\t<div class=\"elementor-widget-container\">\n\t\t\t\t\t<h2 class=\"elementor-heading-title elementor-size-default\">Trung thu y\u00eau th\u01b0\u01a1ng<\/h2>\t\t\t\t<\/div>\n\t\t\t\t<\/div>\n\t\t\t\t\t<\/div>\n\t\t<\/div>\n\t\t\t\t\t<\/div>\n\t\t<\/section>\n\t\t\t\t<section class=\"elementor-section elementor-inner-section elementor-element elementor-element-507d886 elementor-section-boxed elementor-section-height-default elementor-section-height-default\" data-id=\"507d886\" data-element_type=\"section\">\n\t\t\t\t\t\t<div class=\"elementor-container elementor-column-gap-default\">\n\t\t\t\t\t<div class=\"elementor-column elementor-col-100 elementor-inner-column elementor-element elementor-element-db043f7\" data-id=\"db043f7\" data-element_type=\"column\">\n\t\t\t<div class=\"elementor-widget-wrap elementor-element-populated\">\n\t\t\t\t\t\t<div class=\"elementor-element elementor-element-ce76288 elementor-widget elementor-widget-text-editor\" data-id=\"ce76288\" data-element_type=\"widget\" data-widget_type=\"text-editor.default\">\n\t\t\t\t<div class=\"elementor-widget-container\">\n\t\t\t\t\t\t\t\t\t<p>BTC \u0111\u00e3 nh\u1eadn \u0111\u01b0\u1ee3c th\u00f4ng tin, ch\u00fang m\u00ecnh s\u1ebd gi\u00fap b\u1ea1n chuy\u1ec3n th\u01b0 \u0111\u1ebfn ng\u01b0\u1eddi nh\u1eadn. Xin c\u1ea3m \u01a1n v\u00e0 ch\u00fac b\u1ea1n c\u00f3 m\u1ed9t m\u00f9a Trung thu \u1ea5m \u00e1p &lt;3<\/p>\t\t\t\t\t\t\t\t<\/div>\n\t\t\t\t<\/div>\n\t\t\t\t\t<\/div>\n\t\t<\/div>\n\t\t\t\t\t<\/div>\n\t\t<\/section>\n\t\t\t\t\t<\/div>\n\t\t<\/div>\n\t\t\t\t\t<\/div>\n\t\t<\/section>\n\t\t\t\t<\/div>","protected":false},"excerpt":{"rendered":"<p>Trung thu y\u00eau th\u01b0\u01a1ng BTC \u0111\u00e3 nh\u1eadn \u0111\u01b0\u1ee3c th\u00f4ng tin, ch\u00fang m\u00ecnh s\u1ebd gi\u00fap b\u1ea1n chuy\u1ec3n th\u01b0 \u0111\u1ebfn ng\u01b0\u1eddi nh\u1eadn. [&hellip;]<\/p>","protected":false},"author":1,"featured_media":0,"parent":0,"menu_order":0,"comment_status":"closed","ping_status":"closed","template":"","meta":{"_acf_changed":false,"_monsterinsights_skip_tracking":false,"_monsterinsights_sitenote_active":false,"_monsterinsights_sitenote_note":"","_monsterinsights_sitenote_category":0,"site-sidebar-layout":"no-sidebar","site-content-layout":"page-builder","ast-site-content-layout":"","site-content-style":"default","site-sidebar-style":"default","ast-global-header-display":"","ast-banner-title-visibility":"","ast-main-header-display":"disabled","ast-hfb-above-header-display":"","ast-hfb-below-header-display":"","ast-hfb-mobile-header-display":"disabled","site-post-title":"disabled","ast-breadcrumbs-content":"","ast-featured-img":"disabled","footer-sml-layout":"disabled","theme-transparent-header-meta":"default","adv-header-id-meta":"","stick-header-meta":"","header-above-stick-meta":"","header-main-stick-meta":"","header-below-stick-meta":"","astra-migrate-meta-layouts":"default","ast-page-background-enabled":"default","ast-page-background-meta":{"desktop":{"background-color":"var(--ast-global-color-4)","background-image":"","background-repeat":"repeat","background-position":"center center","background-size":"auto","background-attachment":"scroll","background-type":"","background-media":"","overlay-type":"","overlay-color":"","overlay-opacity":"","overlay-gradient":""},"tablet":{"background-color":"","background-image":"","background-repeat":"repeat","background-position":"center center","background-size":"auto","background-attachment":"scroll","background-type":"","background-media":"","overlay-type":"","overlay-color":"","overlay-opacity":"","overlay-gradient":""},"mobile":{"background-color":"","background-image":"","background-repeat":"repeat","background-position":"center center","background-size":"auto","background-attachment":"scroll","background-type":"","background-media":"","overlay-type":"","overlay-color":"","overlay-opacity":"","overlay-gradient":""}},"ast-content-background-meta":{"desktop":{"background-color":"var(--ast-global-color-5)","background-image":"","background-repeat":"repeat","background-position":"center center","background-size":"auto","background-attachment":"scroll","background-type":"","background-media":"","overlay-type":"","overlay-color":"","overlay-opacity":"","overlay-gradient":""},"tablet":{"background-color":"var(--ast-global-color-5)","background-image":"","background-repeat":"repeat","background-position":"center center","background-size":"auto","background-attachment":"scroll","background-type":"","background-media":"","overlay-type":"","overlay-color":"","overlay-opacity":"","overlay-gradient":""},"mobile":{"background-color":"var(--ast-global-color-5)","background-image":"","background-repeat":"repeat","background-position":"center center","background-size":"auto","background-attachment":"scroll","background-type":"","background-media":"","overlay-type":"","overlay-color":"","overlay-opacity":"","overlay-gradient":""}},"footnotes":""},"class_list":["post-11126","page","type-page","status-publish","hentry"],"acf":[],"yoast_head":"<!-- This site is optimized with the Yoast SEO plugin v23.0 - https:\/\/yoast.com\/wordpress\/plugins\/seo\/ -->\n<title>C\u1ea3m \u01a1n, Trung thu y\u00eau th\u01b0\u01a1ng - Bellsystem24 Vietnam<\/title>\n<meta name=\"robots\" content=\"index, follow, max-snippet:-1, max-image-preview:large, max-video-preview:-1\" \/>\n<link rel=\"canonical\" href=\"https:\/\/bell24vietnam.vn\/en\/cam-on-trung-thu-yeu-thuong\/\" \/>\n<meta property=\"og:locale\" content=\"en_US\" \/>\n<meta property=\"og:type\" content=\"article\" \/>\n<meta property=\"og:title\" content=\"C\u1ea3m \u01a1n, Trung thu y\u00eau th\u01b0\u01a1ng - Bellsystem24 Vietnam\" \/>\n<meta property=\"og:description\" content=\"Trung thu y\u00eau th\u01b0\u01a1ng BTC \u0111\u00e3 nh\u1eadn \u0111\u01b0\u1ee3c th\u00f4ng tin, ch\u00fang m\u00ecnh s\u1ebd gi\u00fap b\u1ea1n chuy\u1ec3n th\u01b0 \u0111\u1ebfn ng\u01b0\u1eddi nh\u1eadn. [&hellip;]\" \/>\n<meta property=\"og:url\" content=\"https:\/\/bell24vietnam.vn\/en\/cam-on-trung-thu-yeu-thuong\/\" \/>\n<meta property=\"og:site_name\" content=\"Bellsystem24 Vietnam\" \/>\n<meta property=\"article:publisher\" content=\"https:\/\/www.facebook.com\/BELLSYSTEM24.VIETNAM\" \/>\n<meta property=\"og:image\" content=\"https:\/\/bell24vietnam.vn\/wp-content\/uploads\/2023\/09\/Bellsystem24hoasao-white-03-1024x504.png\" \/>\n<meta name=\"twitter:card\" content=\"summary_large_image\" \/>\n<meta name=\"twitter:label1\" content=\"Est. reading time\" \/>\n\t<meta name=\"twitter:data1\" content=\"1 minute\" \/>\n<script type=\"application\/ld+json\" class=\"yoast-schema-graph\">{\"@context\":\"https:\/\/schema.org\",\"@graph\":[{\"@type\":\"WebPage\",\"@id\":\"https:\/\/bell24vietnam.vn\/cam-on-trung-thu-yeu-thuong\/\",\"url\":\"https:\/\/bell24vietnam.vn\/cam-on-trung-thu-yeu-thuong\/\",\"name\":\"C\u1ea3m \u01a1n, Trung thu y\u00eau th\u01b0\u01a1ng - Bellsystem24 Vietnam\",\"isPartOf\":{\"@id\":\"https:\/\/bell24vietnam.vn\/#website\"},\"primaryImageOfPage\":{\"@id\":\"https:\/\/bell24vietnam.vn\/cam-on-trung-thu-yeu-thuong\/#primaryimage\"},\"image\":{\"@id\":\"https:\/\/bell24vietnam.vn\/cam-on-trung-thu-yeu-thuong\/#primaryimage\"},\"thumbnailUrl\":\"https:\/\/bell24vietnam.vn\/wp-content\/uploads\/2023\/09\/Bellsystem24hoasao-white-03-1024x504.png\",\"datePublished\":\"2023-09-18T03:55:07+00:00\",\"dateModified\":\"2023-09-18T03:55:07+00:00\",\"breadcrumb\":{\"@id\":\"https:\/\/bell24vietnam.vn\/cam-on-trung-thu-yeu-thuong\/#breadcrumb\"},\"inLanguage\":\"en-US\",\"potentialAction\":[{\"@type\":\"ReadAction\",\"target\":[\"https:\/\/bell24vietnam.vn\/cam-on-trung-thu-yeu-thuong\/\"]}]},{\"@type\":\"ImageObject\",\"inLanguage\":\"en-US\",\"@id\":\"https:\/\/bell24vietnam.vn\/cam-on-trung-thu-yeu-thuong\/#primaryimage\",\"url\":\"https:\/\/bell24vietnam.vn\/wp-content\/uploads\/2023\/09\/Bellsystem24hoasao-white-03-1024x504.png\",\"contentUrl\":\"https:\/\/bell24vietnam.vn\/wp-content\/uploads\/2023\/09\/Bellsystem24hoasao-white-03-1024x504.png\"},{\"@type\":\"BreadcrumbList\",\"@id\":\"https:\/\/bell24vietnam.vn\/cam-on-trung-thu-yeu-thuong\/#breadcrumb\",\"itemListElement\":[{\"@type\":\"ListItem\",\"position\":1,\"name\":\"Home\",\"item\":\"https:\/\/bell24vietnam.vn\/\"},{\"@type\":\"ListItem\",\"position\":2,\"name\":\"C\u1ea3m \u01a1n, Trung thu y\u00eau th\u01b0\u01a1ng\"}]},{\"@type\":\"WebSite\",\"@id\":\"https:\/\/bell24vietnam.vn\/#website\",\"url\":\"https:\/\/bell24vietnam.vn\/\",\"name\":\"Bellsystem24 Vietnam\",\"description\":\"Every voice matter\",\"publisher\":{\"@id\":\"https:\/\/bell24vietnam.vn\/#organization\"},\"potentialAction\":[{\"@type\":\"SearchAction\",\"target\":{\"@type\":\"EntryPoint\",\"urlTemplate\":\"https:\/\/bell24vietnam.vn\/?s={search_term_string}\"},\"query-input\":\"required name=search_term_string\"}],\"inLanguage\":\"en-US\"},{\"@type\":\"Organization\",\"@id\":\"https:\/\/bell24vietnam.vn\/#organization\",\"name\":\"Bellsystem24 Vietnam\",\"url\":\"https:\/\/bell24vietnam.vn\/\",\"logo\":{\"@type\":\"ImageObject\",\"inLanguage\":\"en-US\",\"@id\":\"https:\/\/bell24vietnam.vn\/#\/schema\/logo\/image\/\",\"url\":\"https:\/\/bell24vietnam.vn\/wp-content\/uploads\/2024\/06\/BellSystem24.png\",\"contentUrl\":\"https:\/\/bell24vietnam.vn\/wp-content\/uploads\/2024\/06\/BellSystem24.png\",\"width\":426,\"height\":118,\"caption\":\"Bellsystem24 Vietnam\"},\"image\":{\"@id\":\"https:\/\/bell24vietnam.vn\/#\/schema\/logo\/image\/\"},\"sameAs\":[\"https:\/\/www.facebook.com\/BELLSYSTEM24.VIETNAM\",\"https:\/\/www.youtube.com\/@BELLSYSTEM24.VIETNAM\",\"https:\/\/www.linkedin.com\/company\/bellsystem24vietnam\"]}]}<\/script>\n<!-- \/ Yoast SEO plugin. -->","yoast_head_json":{"title":"C\u1ea3m \u01a1n, Trung thu y\u00eau th\u01b0\u01a1ng - Bellsystem24 Vietnam","robots":{"index":"index","follow":"follow","max-snippet":"max-snippet:-1","max-image-preview":"max-image-preview:large","max-video-preview":"max-video-preview:-1"},"canonical":"https:\/\/bell24vietnam.vn\/en\/cam-on-trung-thu-yeu-thuong\/","og_locale":"en_US","og_type":"article","og_title":"C\u1ea3m \u01a1n, Trung thu y\u00eau th\u01b0\u01a1ng - Bellsystem24 Vietnam","og_description":"Trung thu y\u00eau th\u01b0\u01a1ng BTC \u0111\u00e3 nh\u1eadn \u0111\u01b0\u1ee3c th\u00f4ng tin, ch\u00fang m\u00ecnh s\u1ebd gi\u00fap b\u1ea1n chuy\u1ec3n th\u01b0 \u0111\u1ebfn ng\u01b0\u1eddi nh\u1eadn. [&hellip;]","og_url":"https:\/\/bell24vietnam.vn\/en\/cam-on-trung-thu-yeu-thuong\/","og_site_name":"Bellsystem24 Vietnam","article_publisher":"https:\/\/www.facebook.com\/BELLSYSTEM24.VIETNAM","og_image":[{"url":"https:\/\/bell24vietnam.vn\/wp-content\/uploads\/2023\/09\/Bellsystem24hoasao-white-03-1024x504.png"}],"twitter_card":"summary_large_image","twitter_misc":{"Est. reading time":"1 minute"},"schema":{"@context":"https:\/\/schema.org","@graph":[{"@type":"WebPage","@id":"https:\/\/bell24vietnam.vn\/cam-on-trung-thu-yeu-thuong\/","url":"https:\/\/bell24vietnam.vn\/cam-on-trung-thu-yeu-thuong\/","name":"C\u1ea3m \u01a1n, Trung thu y\u00eau th\u01b0\u01a1ng - Bellsystem24 Vietnam","isPartOf":{"@id":"https:\/\/bell24vietnam.vn\/#website"},"primaryImageOfPage":{"@id":"https:\/\/bell24vietnam.vn\/cam-on-trung-thu-yeu-thuong\/#primaryimage"},"image":{"@id":"https:\/\/bell24vietnam.vn\/cam-on-trung-thu-yeu-thuong\/#primaryimage"},"thumbnailUrl":"https:\/\/bell24vietnam.vn\/wp-content\/uploads\/2023\/09\/Bellsystem24hoasao-white-03-1024x504.png","datePublished":"2023-09-18T03:55:07+00:00","dateModified":"2023-09-18T03:55:07+00:00","breadcrumb":{"@id":"https:\/\/bell24vietnam.vn\/cam-on-trung-thu-yeu-thuong\/#breadcrumb"},"inLanguage":"en-US","potentialAction":[{"@type":"ReadAction","target":["https:\/\/bell24vietnam.vn\/cam-on-trung-thu-yeu-thuong\/"]}]},{"@type":"ImageObject","inLanguage":"en-US","@id":"https:\/\/bell24vietnam.vn\/cam-on-trung-thu-yeu-thuong\/#primaryimage","url":"https:\/\/bell24vietnam.vn\/wp-content\/uploads\/2023\/09\/Bellsystem24hoasao-white-03-1024x504.png","contentUrl":"https:\/\/bell24vietnam.vn\/wp-content\/uploads\/2023\/09\/Bellsystem24hoasao-white-03-1024x504.png"},{"@type":"BreadcrumbList","@id":"https:\/\/bell24vietnam.vn\/cam-on-trung-thu-yeu-thuong\/#breadcrumb","itemListElement":[{"@type":"ListItem","position":1,"name":"Home","item":"https:\/\/bell24vietnam.vn\/"},{"@type":"ListItem","position":2,"name":"C\u1ea3m \u01a1n, Trung thu y\u00eau th\u01b0\u01a1ng"}]},{"@type":"WebSite","@id":"https:\/\/bell24vietnam.vn\/#website","url":"https:\/\/bell24vietnam.vn\/","name":"Bellsystem24 Vietnam","description":"Every voice matters","publisher":{"@id":"https:\/\/bell24vietnam.vn\/#organization"},"potentialAction":[{"@type":"SearchAction","target":{"@type":"EntryPoint","urlTemplate":"https:\/\/bell24vietnam.vn\/?s={search_term_string}"},"query-input":"required name=search_term_string"}],"inLanguage":"en-US"},{"@type":"Organization","@id":"https:\/\/bell24vietnam.vn\/#organization","name":"Bellsystem24 Vietnam","url":"https:\/\/bell24vietnam.vn\/","logo":{"@type":"ImageObject","inLanguage":"en-US","@id":"https:\/\/bell24vietnam.vn\/#\/schema\/logo\/image\/","url":"https:\/\/bell24vietnam.vn\/wp-content\/uploads\/2024\/06\/BellSystem24.png","contentUrl":"https:\/\/bell24vietnam.vn\/wp-content\/uploads\/2024\/06\/BellSystem24.png","width":426,"height":118,"caption":"Bellsystem24 Vietnam"},"image":{"@id":"https:\/\/bell24vietnam.vn\/#\/schema\/logo\/image\/"},"sameAs":["https:\/\/www.facebook.com\/BELLSYSTEM24.VIETNAM","https:\/\/www.youtube.com\/@BELLSYSTEM24.VIETNAM","https:\/\/www.linkedin.com\/company\/bellsystem24vietnam"]}]}},"_links":{"self":[{"href":"https:\/\/bell24vietnam.vn\/en\/wp-json\/wp\/v2\/pages\/11126","targetHints":{"allow":["GET"]}}],"collection":[{"href":"https:\/\/bell24vietnam.vn\/en\/wp-json\/wp\/v2\/pages"}],"about":[{"href":"https:\/\/bell24vietnam.vn\/en\/wp-json\/wp\/v2\/types\/page"}],"author":[{"embeddable":true,"href":"https:\/\/bell24vietnam.vn\/en\/wp-json\/wp\/v2\/users\/1"}],"replies":[{"embeddable":true,"href":"https:\/\/bell24vietnam.vn\/en\/wp-json\/wp\/v2\/comments?post=11126"}],"version-history":[{"count":0,"href":"https:\/\/bell24vietnam.vn\/en\/wp-json\/wp\/v2\/pages\/11126\/revisions"}],"wp:attachment":[{"href":"https:\/\/bell24vietnam.vn\/en\/wp-json\/wp\/v2\/media?parent=11126"}],"curies":[{"name":"wp","href":"https:\/\/api.w.org\/{rel}","templated":true}]}}