{"id":1145,"date":"2022-04-06T03:42:20","date_gmt":"2022-04-06T03:42:20","guid":{"rendered":"https:\/\/bellbell24vietnam.vn\/?page_id=1145"},"modified":"2022-04-06T03:42:20","modified_gmt":"2022-04-06T03:42:20","slug":"dich-vu-tuyen-dung-tron-goi","status":"publish","type":"page","link":"https:\/\/bell24vietnam.vn\/en\/dich-vu-tuyen-dung-tron-goi\/","title":{"rendered":"D\u1ecbch v\u1ee5 Tuy\u1ec3n d\u1ee5ng tr\u1ecdn g\u00f3i"},"content":{"rendered":"<h1>Full-service recruitment for all businesses<\/h1>\n<ul>\n<li>\n\t\t\t\t\t\t\t\t\t\tReleasing recruitment pressures for businesses Uncovering new potentials\n\t\t\t\t\t\t\t\t\t<\/li>\n<\/ul>\n<p>\t\t\t<a href=\"https:\/\/bell24vietnam.vn\/en\/contact-us\/\"><br \/>\n\t\t\t\t\t\tGet advice now<br \/>\n\t\t\t\t\t<\/a><\/p>\n<figure><img decoding=\"async\" src=\"https:\/\/bell24vietnam.vn\/wp-content\/uploads\/elementor\/thumbs\/headhunter-pp32sogjadzxp2yrnmf4xa2q6k8ntp0mgh7jbg8yb2.png\" title=\"headhunter\" alt=\"headhunter\" loading=\"lazy\" \/><\/figure>\n<h3>Standard recruitment package (Elite Headhunt)<\/h3>\n<p>Provide the right quantity &amp; quality of candidates for your business. Recruitment scope in diverse industries.<\/p>\n<figure><img decoding=\"async\" src=\"https:\/\/bell24vietnam.vn\/wp-content\/uploads\/elementor\/thumbs\/headhunter-1-pp32yddco9sg02p4f2zt0ud7ok6ofpm3wnfdxrt4mm.png\" title=\"full package recruitment\" alt=\"full package recruitment\" loading=\"lazy\" \/><\/figure>\n<h3>Full package recruitment (Recruitment, training)<\/h3>\n<p>A complete recruitment solution designed specifically for businesses, helping to minimize resources invested in recruitment. After being selected and trained, employees will have full capacity and skills to take on the job immediately.<\/p>\n<h2>Methodical implementation process <\/h2>\n<p>\t\t\t\t\t\t\t\t\t\t\t\t\t\t\t<img loading=\"lazy\" decoding=\"async\" width=\"925\" height=\"413\" src=\"https:\/\/bell24vietnam.vn\/wp-content\/uploads\/2022\/05\/quytrinhdichvutuyendung.png\" alt=\"\" srcset=\"https:\/\/bell24vietnam.vn\/wp-content\/uploads\/2022\/05\/quytrinhdichvutuyendung.png 925w, https:\/\/bell24vietnam.vn\/wp-content\/uploads\/2022\/05\/quytrinhdichvutuyendung-300x134.png 300w, https:\/\/bell24vietnam.vn\/wp-content\/uploads\/2022\/05\/quytrinhdichvutuyendung-768x343.png 768w\" sizes=\"auto, (max-width: 925px) 100vw, 925px\" \/><br \/>\n\t\t\t\t\t\t\t\t\t\t\t\t\t\t\t<img loading=\"lazy\" decoding=\"async\" width=\"729\" height=\"680\" src=\"https:\/\/bell24vietnam.vn\/wp-content\/uploads\/2022\/04\/model-e1650208590202.png\" alt=\"model\" srcset=\"https:\/\/bell24vietnam.vn\/wp-content\/uploads\/2022\/04\/model-e1650208590202.png 729w, https:\/\/bell24vietnam.vn\/wp-content\/uploads\/2022\/04\/model-e1650208590202-300x280.png 300w\" sizes=\"auto, (max-width: 729px) 100vw, 729px\" \/><\/p>\n<h2>Why choose BELL24VN?<\/h2>\n<h3>\n\t\t\t\t\t\t Experience<br \/>\n\t\t\t\t<\/h3>\n<p>\n\t\t\t\t\t\tOver 16 years of experience in Recruitment and Training, especially Mass recruitment. \t\t\t\t\t<\/p>\n<h3>\n\t\t\t\t\t\tQuality<br \/>\n\t\t\t\t<\/h3>\n<p>\n\t\t\t\t\t\tAbility to respond quickly and with quality to partner requests. Highly committed staff. \t\t\t\t\t<\/p>\n<h3>\n\t\t\t\t\t\tAstute<br \/>\n\t\t\t\t<\/h3>\n<p>\n\t\t\t\t\t\tPossess a team of elite and dedicated &quot;candidate hunters&quot;\t\t\t\t\t<\/p>\n<h3>\n\t\t\t\t\t\tFormal<br \/>\n\t\t\t\t<\/h3>\n<p>\n\t\t\t\t\t\tScientific candidate selection and exploitation process, application of profile management software\t\t\t\t\t<\/p>\n<h3>\n\t\t\t\t\t\tExtensive network<br \/>\n\t\t\t\t<\/h3>\n<p>\n\t\t\t\t\t\tRecruitment network spreads across the country. Cooperates with more than 300 universities, colleges and vocational training schools. \t\t\t\t\t<\/p>\n<p>Great resonance from job search platform and career development support <a href=\"https:\/\/vieclamvanphong.vn\">vieclamvanphong.vn<\/a><\/p>\n<p>\t\t\t<a role=\"button\"><br \/>\n\t\t\t\t\t\tContact now<br \/>\n\t\t\t\t\t<\/a><br \/>\n\t\t\t\t\t\t\t\t\t\t\t\t\t\t\t<img loading=\"lazy\" decoding=\"async\" width=\"2048\" height=\"1152\" src=\"https:\/\/bell24vietnam.vn\/wp-content\/uploads\/2022\/05\/1649831845792.jpeg\" alt=\"\" srcset=\"https:\/\/bell24vietnam.vn\/wp-content\/uploads\/2022\/05\/1649831845792.jpeg 2048w, https:\/\/bell24vietnam.vn\/wp-content\/uploads\/2022\/05\/1649831845792-300x169.jpeg 300w, https:\/\/bell24vietnam.vn\/wp-content\/uploads\/2022\/05\/1649831845792-1024x576.jpeg 1024w, https:\/\/bell24vietnam.vn\/wp-content\/uploads\/2022\/05\/1649831845792-768x432.jpeg 768w, https:\/\/bell24vietnam.vn\/wp-content\/uploads\/2022\/05\/1649831845792-1536x864.jpeg 1536w\" sizes=\"auto, (max-width: 2048px) 100vw, 2048px\" \/><\/p>\n<p style=\"text-align: center;\">Diverse and exciting activities for BellVietnam&#039;s headhunt community<\/p>\n<p>\t\t\t\t\t\t\t\t\t\t\t\t\t\t\t<img loading=\"lazy\" decoding=\"async\" width=\"560\" height=\"315\" src=\"https:\/\/bell24vietnam.vn\/wp-content\/uploads\/2022\/05\/Untitled-4.jpg\" alt=\"training\" srcset=\"https:\/\/bell24vietnam.vn\/wp-content\/uploads\/2022\/05\/Untitled-4.jpg 560w, https:\/\/bell24vietnam.vn\/wp-content\/uploads\/2022\/05\/Untitled-4-300x169.jpg 300w\" sizes=\"auto, (max-width: 560px) 100vw, 560px\" \/><\/p>\n<p style=\"text-align: center;\">Connect with young people through many cooperation programs with other brands<\/p>\n<h4>Benefits businesses receive<\/h4>\n<h3>\n\t\t\t\t\t\tFree brand promotion<br \/>\n\t\t\t\t<\/h3>\n<h3>\n\t\t\t\t\t\tGet the &quot;desired&quot; staff right away at the most optimal cost<br \/>\n\t\t\t\t<\/h3>\n<h3>\n\t\t\t\t\t\tSave time and resources<br \/>\n\t\t\t\t<\/h3>\n<h4>Want to get advice?<\/h4>\n<h2> Let BELL24VN Help You Understand Better Through 1:1 Consulting <\/h2>\n<p>\t\t\t<a role=\"button\"><br \/>\n\t\t\t\t\t\tFill out the form<br \/>\n\t\t\t\t\t<\/a><br \/>\n\t\t\t<a href=\"tel:19001739\"><br \/>\n\t\t\t\t\t\tHotline<br \/>\n\t\t\t\t\t<\/a><br \/>\n\t\t\t\t\t\t\t\t\t\t\t\t\t\t\t<img loading=\"lazy\" decoding=\"async\" width=\"729\" height=\"680\" src=\"https:\/\/bell24vietnam.vn\/wp-content\/uploads\/2022\/04\/model-e1650208590202.png\" alt=\"model\" srcset=\"https:\/\/bell24vietnam.vn\/wp-content\/uploads\/2022\/04\/model-e1650208590202.png 729w, https:\/\/bell24vietnam.vn\/wp-content\/uploads\/2022\/04\/model-e1650208590202-300x280.png 300w\" sizes=\"auto, (max-width: 729px) 100vw, 729px\" \/><\/p>","protected":false},"excerpt":{"rendered":"<p>D\u1ecbch v\u1ee5 tuy\u1ec3n d\u1ee5ng nh\u00e2n s\u1ef1 tr\u1ecdn g\u00f3i cho m\u1ecdi doanh nghi\u1ec7p Gi\u1ea3i ph\u00f3ng c\u00e1c \u00e1p l\u1ef1c v\u1ec1 tuy\u1ec3n d\u1ee5ng [&hellip;]<\/p>","protected":false},"author":1,"featured_media":0,"parent":0,"menu_order":0,"comment_status":"closed","ping_status":"closed","template":"","meta":{"_acf_changed":false,"_monsterinsights_skip_tracking":false,"_monsterinsights_sitenote_active":false,"_monsterinsights_sitenote_note":"","_monsterinsights_sitenote_category":0,"site-sidebar-layout":"no-sidebar","site-content-layout":"page-builder","ast-site-content-layout":"","site-content-style":"default","site-sidebar-style":"default","ast-global-header-display":"","ast-banner-title-visibility":"","ast-main-header-display":"","ast-hfb-above-header-display":"","ast-hfb-below-header-display":"","ast-hfb-mobile-header-display":"","site-post-title":"disabled","ast-breadcrumbs-content":"","ast-featured-img":"disabled","footer-sml-layout":"","theme-transparent-header-meta":"default","adv-header-id-meta":"","stick-header-meta":"","header-above-stick-meta":"","header-main-stick-meta":"","header-below-stick-meta":"","astra-migrate-meta-layouts":"default","ast-page-background-enabled":"default","ast-page-background-meta":{"desktop":{"background-color":"var(--ast-global-color-4)","background-image":"","background-repeat":"repeat","background-position":"center center","background-size":"auto","background-attachment":"scroll","background-type":"","background-media":"","overlay-type":"","overlay-color":"","overlay-opacity":"","overlay-gradient":""},"tablet":{"background-color":"","background-image":"","background-repeat":"repeat","background-position":"center center","background-size":"auto","background-attachment":"scroll","background-type":"","background-media":"","overlay-type":"","overlay-color":"","overlay-opacity":"","overlay-gradient":""},"mobile":{"background-color":"","background-image":"","background-repeat":"repeat","background-position":"center center","background-size":"auto","background-attachment":"scroll","background-type":"","background-media":"","overlay-type":"","overlay-color":"","overlay-opacity":"","overlay-gradient":""}},"ast-content-background-meta":{"desktop":{"background-color":"var(--ast-global-color-5)","background-image":"","background-repeat":"repeat","background-position":"center center","background-size":"auto","background-attachment":"scroll","background-type":"","background-media":"","overlay-type":"","overlay-color":"","overlay-opacity":"","overlay-gradient":""},"tablet":{"background-color":"var(--ast-global-color-5)","background-image":"","background-repeat":"repeat","background-position":"center center","background-size":"auto","background-attachment":"scroll","background-type":"","background-media":"","overlay-type":"","overlay-color":"","overlay-opacity":"","overlay-gradient":""},"mobile":{"background-color":"var(--ast-global-color-5)","background-image":"","background-repeat":"repeat","background-position":"center center","background-size":"auto","background-attachment":"scroll","background-type":"","background-media":"","overlay-type":"","overlay-color":"","overlay-opacity":"","overlay-gradient":""}},"footnotes":""},"class_list":["post-1145","page","type-page","status-publish","hentry"],"acf":[],"yoast_head":"<!-- This site is optimized with the Yoast SEO plugin v23.0 - https:\/\/yoast.com\/wordpress\/plugins\/seo\/ -->\n<title>D\u1ecbch v\u1ee5 Tuy\u1ec3n d\u1ee5ng tr\u1ecdn g\u00f3i - Bellsystem24 Vietnam<\/title>\n<meta name=\"description\" content=\"Gi\u1ea3i ph\u00e1p tuy\u1ec3n d\u1ee5ng tr\u1ecdn g\u00f3i \u0111\u01b0\u1ee3c thi\u1ebft k\u1ebf ri\u00eang cho doanh nghi\u1ec7p, gi\u00fap gi\u1ea3m t\u1ed1i \u0111a ngu\u1ed3n l\u1ef1c ph\u1ea3i \u0111\u1ea7u t\u01b0 cho tuy\u1ec3n d\u1ee5ng. Nh\u00e2n s\u1ef1 sau khi \u0111\u01b0\u1ee3c ch\u1ecdn l\u1ecdc v\u00e0 \u0111\u1ea1o t\u1ea1o s\u1ebd c\u00f3 \u0111\u1ea7y \u0111\u1ee7 n\u0103ng l\u1ef1c v\u00e0 k\u1ef9 n\u0103ng \u0111\u1ec3 \u0111\u1ea3m nh\u1eadn ngay c\u00f4ng vi\u1ec7c\" \/>\n<meta name=\"robots\" content=\"index, follow, max-snippet:-1, max-image-preview:large, max-video-preview:-1\" \/>\n<link rel=\"canonical\" href=\"https:\/\/bell24vietnam.vn\/en\/dich-vu-tuyen-dung-tron-goi\/\" \/>\n<meta property=\"og:locale\" content=\"en_US\" \/>\n<meta property=\"og:type\" content=\"article\" \/>\n<meta property=\"og:title\" content=\"D\u1ecbch v\u1ee5 Tuy\u1ec3n d\u1ee5ng tr\u1ecdn g\u00f3i - Bellsystem24 Vietnam\" \/>\n<meta property=\"og:description\" content=\"Gi\u1ea3i ph\u00e1p tuy\u1ec3n d\u1ee5ng tr\u1ecdn g\u00f3i \u0111\u01b0\u1ee3c thi\u1ebft k\u1ebf ri\u00eang cho doanh nghi\u1ec7p, gi\u00fap gi\u1ea3m t\u1ed1i \u0111a ngu\u1ed3n l\u1ef1c ph\u1ea3i \u0111\u1ea7u t\u01b0 cho tuy\u1ec3n d\u1ee5ng. Nh\u00e2n s\u1ef1 sau khi \u0111\u01b0\u1ee3c ch\u1ecdn l\u1ecdc v\u00e0 \u0111\u1ea1o t\u1ea1o s\u1ebd c\u00f3 \u0111\u1ea7y \u0111\u1ee7 n\u0103ng l\u1ef1c v\u00e0 k\u1ef9 n\u0103ng \u0111\u1ec3 \u0111\u1ea3m nh\u1eadn ngay c\u00f4ng vi\u1ec7c\" \/>\n<meta property=\"og:url\" content=\"https:\/\/bell24vietnam.vn\/en\/dich-vu-tuyen-dung-tron-goi\/\" \/>\n<meta property=\"og:site_name\" content=\"Bellsystem24 Vietnam\" \/>\n<meta property=\"article:publisher\" content=\"https:\/\/www.facebook.com\/BELLSYSTEM24.VIETNAM\" \/>\n<meta property=\"og:image\" content=\"https:\/\/bell24vietnam.vn\/wp-content\/uploads\/elementor\/thumbs\/headhunter-pp32sogjadzxp2yrnmf4xa2q6k8ntp0mgh7jbg8yb2.png\" \/>\n<meta name=\"twitter:card\" content=\"summary_large_image\" \/>\n<meta name=\"twitter:label1\" content=\"Est. reading time\" \/>\n\t<meta name=\"twitter:data1\" content=\"4 minutes\" \/>\n<script type=\"application\/ld+json\" class=\"yoast-schema-graph\">{\"@context\":\"https:\/\/schema.org\",\"@graph\":[{\"@type\":\"WebPage\",\"@id\":\"https:\/\/bell24vietnam.vn\/dich-vu-tuyen-dung-tron-goi\/\",\"url\":\"https:\/\/bell24vietnam.vn\/dich-vu-tuyen-dung-tron-goi\/\",\"name\":\"D\u1ecbch v\u1ee5 Tuy\u1ec3n d\u1ee5ng tr\u1ecdn g\u00f3i - Bellsystem24 Vietnam\",\"isPartOf\":{\"@id\":\"https:\/\/bell24vietnam.vn\/#website\"},\"primaryImageOfPage\":{\"@id\":\"https:\/\/bell24vietnam.vn\/dich-vu-tuyen-dung-tron-goi\/#primaryimage\"},\"image\":{\"@id\":\"https:\/\/bell24vietnam.vn\/dich-vu-tuyen-dung-tron-goi\/#primaryimage\"},\"thumbnailUrl\":\"https:\/\/bell24vietnam.vn\/wp-content\/uploads\/elementor\/thumbs\/headhunter-pp32sogjadzxp2yrnmf4xa2q6k8ntp0mgh7jbg8yb2.png\",\"datePublished\":\"2022-04-06T03:42:20+00:00\",\"dateModified\":\"2022-04-06T03:42:20+00:00\",\"description\":\"Gi\u1ea3i ph\u00e1p tuy\u1ec3n d\u1ee5ng tr\u1ecdn g\u00f3i \u0111\u01b0\u1ee3c thi\u1ebft k\u1ebf ri\u00eang cho doanh nghi\u1ec7p, gi\u00fap gi\u1ea3m t\u1ed1i \u0111a ngu\u1ed3n l\u1ef1c ph\u1ea3i \u0111\u1ea7u t\u01b0 cho tuy\u1ec3n d\u1ee5ng. Nh\u00e2n s\u1ef1 sau khi \u0111\u01b0\u1ee3c ch\u1ecdn l\u1ecdc v\u00e0 \u0111\u1ea1o t\u1ea1o s\u1ebd c\u00f3 \u0111\u1ea7y \u0111\u1ee7 n\u0103ng l\u1ef1c v\u00e0 k\u1ef9 n\u0103ng \u0111\u1ec3 \u0111\u1ea3m nh\u1eadn ngay c\u00f4ng vi\u1ec7c\",\"breadcrumb\":{\"@id\":\"https:\/\/bell24vietnam.vn\/dich-vu-tuyen-dung-tron-goi\/#breadcrumb\"},\"inLanguage\":\"en-US\",\"potentialAction\":[{\"@type\":\"ReadAction\",\"target\":[\"https:\/\/bell24vietnam.vn\/dich-vu-tuyen-dung-tron-goi\/\"]}]},{\"@type\":\"ImageObject\",\"inLanguage\":\"en-US\",\"@id\":\"https:\/\/bell24vietnam.vn\/dich-vu-tuyen-dung-tron-goi\/#primaryimage\",\"url\":\"https:\/\/bell24vietnam.vn\/wp-content\/uploads\/elementor\/thumbs\/headhunter-pp32sogjadzxp2yrnmf4xa2q6k8ntp0mgh7jbg8yb2.png\",\"contentUrl\":\"https:\/\/bell24vietnam.vn\/wp-content\/uploads\/elementor\/thumbs\/headhunter-pp32sogjadzxp2yrnmf4xa2q6k8ntp0mgh7jbg8yb2.png\"},{\"@type\":\"BreadcrumbList\",\"@id\":\"https:\/\/bell24vietnam.vn\/dich-vu-tuyen-dung-tron-goi\/#breadcrumb\",\"itemListElement\":[{\"@type\":\"ListItem\",\"position\":1,\"name\":\"Home\",\"item\":\"https:\/\/bell24vietnam.vn\/\"},{\"@type\":\"ListItem\",\"position\":2,\"name\":\"D\u1ecbch v\u1ee5 Tuy\u1ec3n d\u1ee5ng tr\u1ecdn g\u00f3i\"}]},{\"@type\":\"WebSite\",\"@id\":\"https:\/\/bell24vietnam.vn\/#website\",\"url\":\"https:\/\/bell24vietnam.vn\/\",\"name\":\"Bellsystem24 Vietnam\",\"description\":\"Every voice matter\",\"publisher\":{\"@id\":\"https:\/\/bell24vietnam.vn\/#organization\"},\"potentialAction\":[{\"@type\":\"SearchAction\",\"target\":{\"@type\":\"EntryPoint\",\"urlTemplate\":\"https:\/\/bell24vietnam.vn\/?s={search_term_string}\"},\"query-input\":\"required name=search_term_string\"}],\"inLanguage\":\"en-US\"},{\"@type\":\"Organization\",\"@id\":\"https:\/\/bell24vietnam.vn\/#organization\",\"name\":\"Bellsystem24 Vietnam\",\"url\":\"https:\/\/bell24vietnam.vn\/\",\"logo\":{\"@type\":\"ImageObject\",\"inLanguage\":\"en-US\",\"@id\":\"https:\/\/bell24vietnam.vn\/#\/schema\/logo\/image\/\",\"url\":\"https:\/\/bell24vietnam.vn\/wp-content\/uploads\/2024\/06\/BellSystem24.png\",\"contentUrl\":\"https:\/\/bell24vietnam.vn\/wp-content\/uploads\/2024\/06\/BellSystem24.png\",\"width\":426,\"height\":118,\"caption\":\"Bellsystem24 Vietnam\"},\"image\":{\"@id\":\"https:\/\/bell24vietnam.vn\/#\/schema\/logo\/image\/\"},\"sameAs\":[\"https:\/\/www.facebook.com\/BELLSYSTEM24.VIETNAM\",\"https:\/\/www.youtube.com\/@BELLSYSTEM24.VIETNAM\",\"https:\/\/www.linkedin.com\/company\/bellsystem24vietnam\"]}]}<\/script>\n<!-- \/ Yoast SEO plugin. -->","yoast_head_json":{"title":"D\u1ecbch v\u1ee5 Tuy\u1ec3n d\u1ee5ng tr\u1ecdn g\u00f3i - Bellsystem24 Vietnam","description":"Gi\u1ea3i ph\u00e1p tuy\u1ec3n d\u1ee5ng tr\u1ecdn g\u00f3i \u0111\u01b0\u1ee3c thi\u1ebft k\u1ebf ri\u00eang cho doanh nghi\u1ec7p, gi\u00fap gi\u1ea3m t\u1ed1i \u0111a ngu\u1ed3n l\u1ef1c ph\u1ea3i \u0111\u1ea7u t\u01b0 cho tuy\u1ec3n d\u1ee5ng. Nh\u00e2n s\u1ef1 sau khi \u0111\u01b0\u1ee3c ch\u1ecdn l\u1ecdc v\u00e0 \u0111\u1ea1o t\u1ea1o s\u1ebd c\u00f3 \u0111\u1ea7y \u0111\u1ee7 n\u0103ng l\u1ef1c v\u00e0 k\u1ef9 n\u0103ng \u0111\u1ec3 \u0111\u1ea3m nh\u1eadn ngay c\u00f4ng vi\u1ec7c","robots":{"index":"index","follow":"follow","max-snippet":"max-snippet:-1","max-image-preview":"max-image-preview:large","max-video-preview":"max-video-preview:-1"},"canonical":"https:\/\/bell24vietnam.vn\/en\/dich-vu-tuyen-dung-tron-goi\/","og_locale":"en_US","og_type":"article","og_title":"D\u1ecbch v\u1ee5 Tuy\u1ec3n d\u1ee5ng tr\u1ecdn g\u00f3i - Bellsystem24 Vietnam","og_description":"Gi\u1ea3i ph\u00e1p tuy\u1ec3n d\u1ee5ng tr\u1ecdn g\u00f3i \u0111\u01b0\u1ee3c thi\u1ebft k\u1ebf ri\u00eang cho doanh nghi\u1ec7p, gi\u00fap gi\u1ea3m t\u1ed1i \u0111a ngu\u1ed3n l\u1ef1c ph\u1ea3i \u0111\u1ea7u t\u01b0 cho tuy\u1ec3n d\u1ee5ng. Nh\u00e2n s\u1ef1 sau khi \u0111\u01b0\u1ee3c ch\u1ecdn l\u1ecdc v\u00e0 \u0111\u1ea1o t\u1ea1o s\u1ebd c\u00f3 \u0111\u1ea7y \u0111\u1ee7 n\u0103ng l\u1ef1c v\u00e0 k\u1ef9 n\u0103ng \u0111\u1ec3 \u0111\u1ea3m nh\u1eadn ngay c\u00f4ng vi\u1ec7c","og_url":"https:\/\/bell24vietnam.vn\/en\/dich-vu-tuyen-dung-tron-goi\/","og_site_name":"Bellsystem24 Vietnam","article_publisher":"https:\/\/www.facebook.com\/BELLSYSTEM24.VIETNAM","og_image":[{"url":"https:\/\/bell24vietnam.vn\/wp-content\/uploads\/elementor\/thumbs\/headhunter-pp32sogjadzxp2yrnmf4xa2q6k8ntp0mgh7jbg8yb2.png"}],"twitter_card":"summary_large_image","twitter_misc":{"Est. reading time":"4 minutes"},"schema":{"@context":"https:\/\/schema.org","@graph":[{"@type":"WebPage","@id":"https:\/\/bell24vietnam.vn\/dich-vu-tuyen-dung-tron-goi\/","url":"https:\/\/bell24vietnam.vn\/dich-vu-tuyen-dung-tron-goi\/","name":"D\u1ecbch v\u1ee5 Tuy\u1ec3n d\u1ee5ng tr\u1ecdn g\u00f3i - Bellsystem24 Vietnam","isPartOf":{"@id":"https:\/\/bell24vietnam.vn\/#website"},"primaryImageOfPage":{"@id":"https:\/\/bell24vietnam.vn\/dich-vu-tuyen-dung-tron-goi\/#primaryimage"},"image":{"@id":"https:\/\/bell24vietnam.vn\/dich-vu-tuyen-dung-tron-goi\/#primaryimage"},"thumbnailUrl":"https:\/\/bell24vietnam.vn\/wp-content\/uploads\/elementor\/thumbs\/headhunter-pp32sogjadzxp2yrnmf4xa2q6k8ntp0mgh7jbg8yb2.png","datePublished":"2022-04-06T03:42:20+00:00","dateModified":"2022-04-06T03:42:20+00:00","description":"Gi\u1ea3i ph\u00e1p tuy\u1ec3n d\u1ee5ng tr\u1ecdn g\u00f3i \u0111\u01b0\u1ee3c thi\u1ebft k\u1ebf ri\u00eang cho doanh nghi\u1ec7p, gi\u00fap gi\u1ea3m t\u1ed1i \u0111a ngu\u1ed3n l\u1ef1c ph\u1ea3i \u0111\u1ea7u t\u01b0 cho tuy\u1ec3n d\u1ee5ng. Nh\u00e2n s\u1ef1 sau khi \u0111\u01b0\u1ee3c ch\u1ecdn l\u1ecdc v\u00e0 \u0111\u1ea1o t\u1ea1o s\u1ebd c\u00f3 \u0111\u1ea7y \u0111\u1ee7 n\u0103ng l\u1ef1c v\u00e0 k\u1ef9 n\u0103ng \u0111\u1ec3 \u0111\u1ea3m nh\u1eadn ngay c\u00f4ng vi\u1ec7c","breadcrumb":{"@id":"https:\/\/bell24vietnam.vn\/dich-vu-tuyen-dung-tron-goi\/#breadcrumb"},"inLanguage":"en-US","potentialAction":[{"@type":"ReadAction","target":["https:\/\/bell24vietnam.vn\/dich-vu-tuyen-dung-tron-goi\/"]}]},{"@type":"ImageObject","inLanguage":"en-US","@id":"https:\/\/bell24vietnam.vn\/dich-vu-tuyen-dung-tron-goi\/#primaryimage","url":"https:\/\/bell24vietnam.vn\/wp-content\/uploads\/elementor\/thumbs\/headhunter-pp32sogjadzxp2yrnmf4xa2q6k8ntp0mgh7jbg8yb2.png","contentUrl":"https:\/\/bell24vietnam.vn\/wp-content\/uploads\/elementor\/thumbs\/headhunter-pp32sogjadzxp2yrnmf4xa2q6k8ntp0mgh7jbg8yb2.png"},{"@type":"BreadcrumbList","@id":"https:\/\/bell24vietnam.vn\/dich-vu-tuyen-dung-tron-goi\/#breadcrumb","itemListElement":[{"@type":"ListItem","position":1,"name":"Home","item":"https:\/\/bell24vietnam.vn\/"},{"@type":"ListItem","position":2,"name":"D\u1ecbch v\u1ee5 Tuy\u1ec3n d\u1ee5ng tr\u1ecdn g\u00f3i"}]},{"@type":"WebSite","@id":"https:\/\/bell24vietnam.vn\/#website","url":"https:\/\/bell24vietnam.vn\/","name":"Bellsystem24 Vietnam","description":"Every voice matters","publisher":{"@id":"https:\/\/bell24vietnam.vn\/#organization"},"potentialAction":[{"@type":"SearchAction","target":{"@type":"EntryPoint","urlTemplate":"https:\/\/bell24vietnam.vn\/?s={search_term_string}"},"query-input":"required name=search_term_string"}],"inLanguage":"en-US"},{"@type":"Organization","@id":"https:\/\/bell24vietnam.vn\/#organization","name":"Bellsystem24 Vietnam","url":"https:\/\/bell24vietnam.vn\/","logo":{"@type":"ImageObject","inLanguage":"en-US","@id":"https:\/\/bell24vietnam.vn\/#\/schema\/logo\/image\/","url":"https:\/\/bell24vietnam.vn\/wp-content\/uploads\/2024\/06\/BellSystem24.png","contentUrl":"https:\/\/bell24vietnam.vn\/wp-content\/uploads\/2024\/06\/BellSystem24.png","width":426,"height":118,"caption":"Bellsystem24 Vietnam"},"image":{"@id":"https:\/\/bell24vietnam.vn\/#\/schema\/logo\/image\/"},"sameAs":["https:\/\/www.facebook.com\/BELLSYSTEM24.VIETNAM","https:\/\/www.youtube.com\/@BELLSYSTEM24.VIETNAM","https:\/\/www.linkedin.com\/company\/bellsystem24vietnam"]}]}},"_links":{"self":[{"href":"https:\/\/bell24vietnam.vn\/en\/wp-json\/wp\/v2\/pages\/1145","targetHints":{"allow":["GET"]}}],"collection":[{"href":"https:\/\/bell24vietnam.vn\/en\/wp-json\/wp\/v2\/pages"}],"about":[{"href":"https:\/\/bell24vietnam.vn\/en\/wp-json\/wp\/v2\/types\/page"}],"author":[{"embeddable":true,"href":"https:\/\/bell24vietnam.vn\/en\/wp-json\/wp\/v2\/users\/1"}],"replies":[{"embeddable":true,"href":"https:\/\/bell24vietnam.vn\/en\/wp-json\/wp\/v2\/comments?post=1145"}],"version-history":[{"count":1,"href":"https:\/\/bell24vietnam.vn\/en\/wp-json\/wp\/v2\/pages\/1145\/revisions"}],"predecessor-version":[{"id":16599,"href":"https:\/\/bell24vietnam.vn\/en\/wp-json\/wp\/v2\/pages\/1145\/revisions\/16599"}],"wp:attachment":[{"href":"https:\/\/bell24vietnam.vn\/en\/wp-json\/wp\/v2\/media?parent=1145"}],"curies":[{"name":"wp","href":"https:\/\/api.w.org\/{rel}","templated":true}]}}