{"id":1176,"date":"2022-04-06T03:51:56","date_gmt":"2022-04-06T03:51:56","guid":{"rendered":"https:\/\/bellbell24vietnam.vn\/?page_id=1176"},"modified":"2022-04-06T03:51:56","modified_gmt":"2022-04-06T03:51:56","slug":"text-to-speech-speech-to-text","status":"publish","type":"page","link":"https:\/\/bell24vietnam.vn\/en\/text-to-speech-speech-to-text\/","title":{"rendered":"Text-to-speech &#038; speech-to-text"},"content":{"rendered":"<div data-elementor-type=\"wp-page\" data-elementor-id=\"1176\" class=\"elementor elementor-1176\" data-elementor-post-type=\"page\">\n\t\t\t\t\t\t<section class=\"elementor-section elementor-top-section elementor-element elementor-element-503a9fb4 elementor-section-content-middle elementor-section-boxed elementor-section-height-default elementor-section-height-default\" data-id=\"503a9fb4\" data-element_type=\"section\">\n\t\t\t\t\t\t<div class=\"elementor-container elementor-column-gap-no\">\n\t\t\t\t\t<div class=\"elementor-column elementor-col-100 elementor-top-column elementor-element elementor-element-473e6391\" data-id=\"473e6391\" data-element_type=\"column\">\n\t\t\t<div class=\"elementor-widget-wrap elementor-element-populated\">\n\t\t\t\t\t\t<div class=\"elementor-element elementor-element-16a5432a elementor-widget elementor-widget-heading\" data-id=\"16a5432a\" data-element_type=\"widget\" data-widget_type=\"heading.default\">\n\t\t\t\t<div class=\"elementor-widget-container\">\n\t\t\t\t\t<h2 class=\"elementor-heading-title elementor-size-default\">Which solution are you interested in?<\/h2>\t\t\t\t<\/div>\n\t\t\t\t<\/div>\n\t\t\t\t<section class=\"elementor-section elementor-inner-section elementor-element elementor-element-334751b4 elementor-section-content-middle elementor-section-boxed elementor-section-height-default elementor-section-height-default\" data-id=\"334751b4\" data-element_type=\"section\">\n\t\t\t\t\t\t<div class=\"elementor-container elementor-column-gap-no\">\n\t\t\t\t\t<div class=\"elementor-column elementor-col-50 elementor-inner-column elementor-element elementor-element-65699f60\" data-id=\"65699f60\" data-element_type=\"column\">\n\t\t\t<div class=\"elementor-widget-wrap elementor-element-populated\">\n\t\t\t\t\t\t<div class=\"elementor-element elementor-element-1cf52551 elementor-position-top elementor-widget elementor-widget-image-box\" data-id=\"1cf52551\" data-element_type=\"widget\" data-widget_type=\"image-box.default\">\n\t\t\t\t<div class=\"elementor-widget-container\">\n\t\t\t\t\t<div class=\"elementor-image-box-wrapper\"><figure class=\"elementor-image-box-img\"><a href=\"https:\/\/bell24vietnam.vn\/en\/dich-vu-speech-to-text\/\" tabindex=\"-1\"><img decoding=\"async\" src=\"https:\/\/bell24vietnam.vn\/wp-content\/uploads\/2022\/04\/speechtotext.png\" title=\"\" alt=\"speechtotext\" class=\"elementor-animation-grow\" loading=\"lazy\" \/><\/a><\/figure><div class=\"elementor-image-box-content\"><h3 class=\"elementor-image-box-title\"><a href=\"https:\/\/bell24vietnam.vn\/en\/dich-vu-speech-to-text\/\">Speech-To-Text<\/a><\/h3><p class=\"elementor-image-box-description\">Vietnamese Speech to Text Conversion Solution<\/p><\/div><\/div>\t\t\t\t<\/div>\n\t\t\t\t<\/div>\n\t\t\t\t\t<\/div>\n\t\t<\/div>\n\t\t\t\t<div class=\"elementor-column elementor-col-50 elementor-inner-column elementor-element elementor-element-510ecc8a\" data-id=\"510ecc8a\" data-element_type=\"column\">\n\t\t\t<div class=\"elementor-widget-wrap elementor-element-populated\">\n\t\t\t\t\t\t<div class=\"elementor-element elementor-element-401e7c62 elementor-position-top elementor-widget elementor-widget-image-box\" data-id=\"401e7c62\" data-element_type=\"widget\" data-widget_type=\"image-box.default\">\n\t\t\t\t<div class=\"elementor-widget-container\">\n\t\t\t\t\t<div class=\"elementor-image-box-wrapper\"><figure class=\"elementor-image-box-img\"><a href=\"https:\/\/bell24vietnam.vn\/en\/text-to-speech-service\/\" tabindex=\"-1\"><img decoding=\"async\" src=\"https:\/\/bell24vietnam.vn\/wp-content\/uploads\/2022\/04\/texttospeech.png\" title=\"\" alt=\"texttospeech\" class=\"elementor-animation-grow\" loading=\"lazy\" \/><\/a><\/figure><div class=\"elementor-image-box-content\"><h3 class=\"elementor-image-box-title\"><a href=\"https:\/\/bell24vietnam.vn\/en\/text-to-speech-service\/\">Text-To-Speech<\/a><\/h3><p class=\"elementor-image-box-description\">Vietnamese Text to Speech Solution<\/p><\/div><\/div>\t\t\t\t<\/div>\n\t\t\t\t<\/div>\n\t\t\t\t\t<\/div>\n\t\t<\/div>\n\t\t\t\t\t<\/div>\n\t\t<\/section>\n\t\t\t\t\t<\/div>\n\t\t<\/div>\n\t\t\t\t\t<\/div>\n\t\t<\/section>\n\t\t\t\t<\/div>","protected":false},"excerpt":{"rendered":"<p>B\u1ea1n quan t\u00e2m \u0111\u1ebfn gi\u1ea3i ph\u00e1p n\u00e0o? Speech-To-Text Gi\u1ea3i ph\u00e1p chuy\u1ec3n \u0111\u1ed5i gi\u1ecdng n\u00f3i th\u00e0nh v\u0103n b\u1ea3n Ti\u1ebfng Vi\u1ec7t Text-To-Speech [&hellip;]<\/p>","protected":false},"author":1,"featured_media":0,"parent":0,"menu_order":0,"comment_status":"closed","ping_status":"closed","template":"","meta":{"_acf_changed":false,"_monsterinsights_skip_tracking":false,"_monsterinsights_sitenote_active":false,"_monsterinsights_sitenote_note":"","_monsterinsights_sitenote_category":0,"site-sidebar-layout":"no-sidebar","site-content-layout":"page-builder","ast-site-content-layout":"","site-content-style":"default","site-sidebar-style":"default","ast-global-header-display":"","ast-banner-title-visibility":"","ast-main-header-display":"","ast-hfb-above-header-display":"","ast-hfb-below-header-display":"","ast-hfb-mobile-header-display":"","site-post-title":"disabled","ast-breadcrumbs-content":"","ast-featured-img":"disabled","footer-sml-layout":"","theme-transparent-header-meta":"default","adv-header-id-meta":"","stick-header-meta":"","header-above-stick-meta":"","header-main-stick-meta":"","header-below-stick-meta":"","astra-migrate-meta-layouts":"default","ast-page-background-enabled":"default","ast-page-background-meta":{"desktop":{"background-color":"var(--ast-global-color-4)","background-image":"","background-repeat":"repeat","background-position":"center center","background-size":"auto","background-attachment":"scroll","background-type":"","background-media":"","overlay-type":"","overlay-color":"","overlay-opacity":"","overlay-gradient":""},"tablet":{"background-color":"","background-image":"","background-repeat":"repeat","background-position":"center center","background-size":"auto","background-attachment":"scroll","background-type":"","background-media":"","overlay-type":"","overlay-color":"","overlay-opacity":"","overlay-gradient":""},"mobile":{"background-color":"","background-image":"","background-repeat":"repeat","background-position":"center center","background-size":"auto","background-attachment":"scroll","background-type":"","background-media":"","overlay-type":"","overlay-color":"","overlay-opacity":"","overlay-gradient":""}},"ast-content-background-meta":{"desktop":{"background-color":"var(--ast-global-color-5)","background-image":"","background-repeat":"repeat","background-position":"center center","background-size":"auto","background-attachment":"scroll","background-type":"","background-media":"","overlay-type":"","overlay-color":"","overlay-opacity":"","overlay-gradient":""},"tablet":{"background-color":"var(--ast-global-color-5)","background-image":"","background-repeat":"repeat","background-position":"center center","background-size":"auto","background-attachment":"scroll","background-type":"","background-media":"","overlay-type":"","overlay-color":"","overlay-opacity":"","overlay-gradient":""},"mobile":{"background-color":"var(--ast-global-color-5)","background-image":"","background-repeat":"repeat","background-position":"center center","background-size":"auto","background-attachment":"scroll","background-type":"","background-media":"","overlay-type":"","overlay-color":"","overlay-opacity":"","overlay-gradient":""}},"footnotes":""},"class_list":["post-1176","page","type-page","status-publish","hentry"],"acf":[],"yoast_head":"<!-- This site is optimized with the Yoast SEO plugin v23.0 - https:\/\/yoast.com\/wordpress\/plugins\/seo\/ -->\n<title>Text-to-speech &amp; speech-to-text - Bellsystem24 Vietnam<\/title>\n<meta name=\"description\" content=\"Speech-To-Text: Gi\u1ea3i ph\u00e1p chuy\u1ec3n \u0111\u1ed5i gi\u1ecdng n\u00f3i th\u00e0nh v\u0103n b\u1ea3n Ti\u1ebfng Vi\u1ec7t v\u00e0 Text-To-Speech: Gi\u1ea3i ph\u00e1p chuy\u1ec3n \u0111\u1ed5i v\u0103n b\u1ea3n th\u00e0nh gi\u1ecdng n\u00f3i Ti\u1ebfng Vi\u1ec7t\" \/>\n<meta name=\"robots\" content=\"index, follow, max-snippet:-1, max-image-preview:large, max-video-preview:-1\" \/>\n<link rel=\"canonical\" href=\"https:\/\/bell24vietnam.vn\/en\/text-to-speech-speech-to-text\/\" \/>\n<meta property=\"og:locale\" content=\"en_US\" \/>\n<meta property=\"og:type\" content=\"article\" \/>\n<meta property=\"og:title\" content=\"Text-to-speech &amp; speech-to-text - Bellsystem24 Vietnam\" \/>\n<meta property=\"og:description\" content=\"Speech-To-Text: Gi\u1ea3i ph\u00e1p chuy\u1ec3n \u0111\u1ed5i gi\u1ecdng n\u00f3i th\u00e0nh v\u0103n b\u1ea3n Ti\u1ebfng Vi\u1ec7t v\u00e0 Text-To-Speech: Gi\u1ea3i ph\u00e1p chuy\u1ec3n \u0111\u1ed5i v\u0103n b\u1ea3n th\u00e0nh gi\u1ecdng n\u00f3i Ti\u1ebfng Vi\u1ec7t\" \/>\n<meta property=\"og:url\" content=\"https:\/\/bell24vietnam.vn\/en\/text-to-speech-speech-to-text\/\" \/>\n<meta property=\"og:site_name\" content=\"Bellsystem24 Vietnam\" \/>\n<meta property=\"article:publisher\" content=\"https:\/\/www.facebook.com\/BELLSYSTEM24.VIETNAM\" \/>\n<meta property=\"og:image\" content=\"http:\/\/bell24vietnam.vn\/wp-content\/uploads\/2022\/04\/speechtotext.png\" \/>\n<meta name=\"twitter:card\" content=\"summary_large_image\" \/>\n<meta name=\"twitter:label1\" content=\"Est. reading time\" \/>\n\t<meta name=\"twitter:data1\" content=\"1 minute\" \/>\n<script type=\"application\/ld+json\" class=\"yoast-schema-graph\">{\"@context\":\"https:\/\/schema.org\",\"@graph\":[{\"@type\":\"WebPage\",\"@id\":\"https:\/\/bell24vietnam.vn\/text-to-speech-speech-to-text\/\",\"url\":\"https:\/\/bell24vietnam.vn\/text-to-speech-speech-to-text\/\",\"name\":\"Text-to-speech & speech-to-text - Bellsystem24 Vietnam\",\"isPartOf\":{\"@id\":\"https:\/\/bell24vietnam.vn\/#website\"},\"primaryImageOfPage\":{\"@id\":\"https:\/\/bell24vietnam.vn\/text-to-speech-speech-to-text\/#primaryimage\"},\"image\":{\"@id\":\"https:\/\/bell24vietnam.vn\/text-to-speech-speech-to-text\/#primaryimage\"},\"thumbnailUrl\":\"http:\/\/bell24vietnam.vn\/wp-content\/uploads\/2022\/04\/speechtotext.png\",\"datePublished\":\"2022-04-06T03:51:56+00:00\",\"dateModified\":\"2022-04-06T03:51:56+00:00\",\"description\":\"Speech-To-Text: Gi\u1ea3i ph\u00e1p chuy\u1ec3n \u0111\u1ed5i gi\u1ecdng n\u00f3i th\u00e0nh v\u0103n b\u1ea3n Ti\u1ebfng Vi\u1ec7t v\u00e0 Text-To-Speech: Gi\u1ea3i ph\u00e1p chuy\u1ec3n \u0111\u1ed5i v\u0103n b\u1ea3n th\u00e0nh gi\u1ecdng n\u00f3i Ti\u1ebfng Vi\u1ec7t\",\"breadcrumb\":{\"@id\":\"https:\/\/bell24vietnam.vn\/text-to-speech-speech-to-text\/#breadcrumb\"},\"inLanguage\":\"en-US\",\"potentialAction\":[{\"@type\":\"ReadAction\",\"target\":[\"https:\/\/bell24vietnam.vn\/text-to-speech-speech-to-text\/\"]}]},{\"@type\":\"ImageObject\",\"inLanguage\":\"en-US\",\"@id\":\"https:\/\/bell24vietnam.vn\/text-to-speech-speech-to-text\/#primaryimage\",\"url\":\"http:\/\/bell24vietnam.vn\/wp-content\/uploads\/2022\/04\/speechtotext.png\",\"contentUrl\":\"http:\/\/bell24vietnam.vn\/wp-content\/uploads\/2022\/04\/speechtotext.png\"},{\"@type\":\"BreadcrumbList\",\"@id\":\"https:\/\/bell24vietnam.vn\/text-to-speech-speech-to-text\/#breadcrumb\",\"itemListElement\":[{\"@type\":\"ListItem\",\"position\":1,\"name\":\"Home\",\"item\":\"https:\/\/bell24vietnam.vn\/\"},{\"@type\":\"ListItem\",\"position\":2,\"name\":\"Text-to-speech &#038; speech-to-text\"}]},{\"@type\":\"WebSite\",\"@id\":\"https:\/\/bell24vietnam.vn\/#website\",\"url\":\"https:\/\/bell24vietnam.vn\/\",\"name\":\"Bellsystem24 Vietnam\",\"description\":\"Every voice matter\",\"publisher\":{\"@id\":\"https:\/\/bell24vietnam.vn\/#organization\"},\"potentialAction\":[{\"@type\":\"SearchAction\",\"target\":{\"@type\":\"EntryPoint\",\"urlTemplate\":\"https:\/\/bell24vietnam.vn\/?s={search_term_string}\"},\"query-input\":\"required name=search_term_string\"}],\"inLanguage\":\"en-US\"},{\"@type\":\"Organization\",\"@id\":\"https:\/\/bell24vietnam.vn\/#organization\",\"name\":\"Bellsystem24 Vietnam\",\"url\":\"https:\/\/bell24vietnam.vn\/\",\"logo\":{\"@type\":\"ImageObject\",\"inLanguage\":\"en-US\",\"@id\":\"https:\/\/bell24vietnam.vn\/#\/schema\/logo\/image\/\",\"url\":\"https:\/\/bell24vietnam.vn\/wp-content\/uploads\/2024\/06\/BellSystem24.png\",\"contentUrl\":\"https:\/\/bell24vietnam.vn\/wp-content\/uploads\/2024\/06\/BellSystem24.png\",\"width\":426,\"height\":118,\"caption\":\"Bellsystem24 Vietnam\"},\"image\":{\"@id\":\"https:\/\/bell24vietnam.vn\/#\/schema\/logo\/image\/\"},\"sameAs\":[\"https:\/\/www.facebook.com\/BELLSYSTEM24.VIETNAM\",\"https:\/\/www.youtube.com\/@BELLSYSTEM24.VIETNAM\",\"https:\/\/www.linkedin.com\/company\/bellsystem24vietnam\"]}]}<\/script>\n<!-- \/ Yoast SEO plugin. -->","yoast_head_json":{"title":"Text-to-speech & speech-to-text - Bellsystem24 Vietnam","description":"Speech-To-Text: Gi\u1ea3i ph\u00e1p chuy\u1ec3n \u0111\u1ed5i gi\u1ecdng n\u00f3i th\u00e0nh v\u0103n b\u1ea3n Ti\u1ebfng Vi\u1ec7t v\u00e0 Text-To-Speech: Gi\u1ea3i ph\u00e1p chuy\u1ec3n \u0111\u1ed5i v\u0103n b\u1ea3n th\u00e0nh gi\u1ecdng n\u00f3i Ti\u1ebfng Vi\u1ec7t","robots":{"index":"index","follow":"follow","max-snippet":"max-snippet:-1","max-image-preview":"max-image-preview:large","max-video-preview":"max-video-preview:-1"},"canonical":"https:\/\/bell24vietnam.vn\/en\/text-to-speech-speech-to-text\/","og_locale":"en_US","og_type":"article","og_title":"Text-to-speech & speech-to-text - Bellsystem24 Vietnam","og_description":"Speech-To-Text: Gi\u1ea3i ph\u00e1p chuy\u1ec3n \u0111\u1ed5i gi\u1ecdng n\u00f3i th\u00e0nh v\u0103n b\u1ea3n Ti\u1ebfng Vi\u1ec7t v\u00e0 Text-To-Speech: Gi\u1ea3i ph\u00e1p chuy\u1ec3n \u0111\u1ed5i v\u0103n b\u1ea3n th\u00e0nh gi\u1ecdng n\u00f3i Ti\u1ebfng Vi\u1ec7t","og_url":"https:\/\/bell24vietnam.vn\/en\/text-to-speech-speech-to-text\/","og_site_name":"Bellsystem24 Vietnam","article_publisher":"https:\/\/www.facebook.com\/BELLSYSTEM24.VIETNAM","og_image":[{"url":"http:\/\/bell24vietnam.vn\/wp-content\/uploads\/2022\/04\/speechtotext.png"}],"twitter_card":"summary_large_image","twitter_misc":{"Est. reading time":"1 minute"},"schema":{"@context":"https:\/\/schema.org","@graph":[{"@type":"WebPage","@id":"https:\/\/bell24vietnam.vn\/text-to-speech-speech-to-text\/","url":"https:\/\/bell24vietnam.vn\/text-to-speech-speech-to-text\/","name":"Text-to-speech & speech-to-text - Bellsystem24 Vietnam","isPartOf":{"@id":"https:\/\/bell24vietnam.vn\/#website"},"primaryImageOfPage":{"@id":"https:\/\/bell24vietnam.vn\/text-to-speech-speech-to-text\/#primaryimage"},"image":{"@id":"https:\/\/bell24vietnam.vn\/text-to-speech-speech-to-text\/#primaryimage"},"thumbnailUrl":"http:\/\/bell24vietnam.vn\/wp-content\/uploads\/2022\/04\/speechtotext.png","datePublished":"2022-04-06T03:51:56+00:00","dateModified":"2022-04-06T03:51:56+00:00","description":"Speech-To-Text: Gi\u1ea3i ph\u00e1p chuy\u1ec3n \u0111\u1ed5i gi\u1ecdng n\u00f3i th\u00e0nh v\u0103n b\u1ea3n Ti\u1ebfng Vi\u1ec7t v\u00e0 Text-To-Speech: Gi\u1ea3i ph\u00e1p chuy\u1ec3n \u0111\u1ed5i v\u0103n b\u1ea3n th\u00e0nh gi\u1ecdng n\u00f3i Ti\u1ebfng Vi\u1ec7t","breadcrumb":{"@id":"https:\/\/bell24vietnam.vn\/text-to-speech-speech-to-text\/#breadcrumb"},"inLanguage":"en-US","potentialAction":[{"@type":"ReadAction","target":["https:\/\/bell24vietnam.vn\/text-to-speech-speech-to-text\/"]}]},{"@type":"ImageObject","inLanguage":"en-US","@id":"https:\/\/bell24vietnam.vn\/text-to-speech-speech-to-text\/#primaryimage","url":"http:\/\/bell24vietnam.vn\/wp-content\/uploads\/2022\/04\/speechtotext.png","contentUrl":"http:\/\/bell24vietnam.vn\/wp-content\/uploads\/2022\/04\/speechtotext.png"},{"@type":"BreadcrumbList","@id":"https:\/\/bell24vietnam.vn\/text-to-speech-speech-to-text\/#breadcrumb","itemListElement":[{"@type":"ListItem","position":1,"name":"Home","item":"https:\/\/bell24vietnam.vn\/"},{"@type":"ListItem","position":2,"name":"Text-to-speech &#038; speech-to-text"}]},{"@type":"WebSite","@id":"https:\/\/bell24vietnam.vn\/#website","url":"https:\/\/bell24vietnam.vn\/","name":"Bellsystem24 Vietnam","description":"Every voice matters","publisher":{"@id":"https:\/\/bell24vietnam.vn\/#organization"},"potentialAction":[{"@type":"SearchAction","target":{"@type":"EntryPoint","urlTemplate":"https:\/\/bell24vietnam.vn\/?s={search_term_string}"},"query-input":"required name=search_term_string"}],"inLanguage":"en-US"},{"@type":"Organization","@id":"https:\/\/bell24vietnam.vn\/#organization","name":"Bellsystem24 Vietnam","url":"https:\/\/bell24vietnam.vn\/","logo":{"@type":"ImageObject","inLanguage":"en-US","@id":"https:\/\/bell24vietnam.vn\/#\/schema\/logo\/image\/","url":"https:\/\/bell24vietnam.vn\/wp-content\/uploads\/2024\/06\/BellSystem24.png","contentUrl":"https:\/\/bell24vietnam.vn\/wp-content\/uploads\/2024\/06\/BellSystem24.png","width":426,"height":118,"caption":"Bellsystem24 Vietnam"},"image":{"@id":"https:\/\/bell24vietnam.vn\/#\/schema\/logo\/image\/"},"sameAs":["https:\/\/www.facebook.com\/BELLSYSTEM24.VIETNAM","https:\/\/www.youtube.com\/@BELLSYSTEM24.VIETNAM","https:\/\/www.linkedin.com\/company\/bellsystem24vietnam"]}]}},"_links":{"self":[{"href":"https:\/\/bell24vietnam.vn\/en\/wp-json\/wp\/v2\/pages\/1176","targetHints":{"allow":["GET"]}}],"collection":[{"href":"https:\/\/bell24vietnam.vn\/en\/wp-json\/wp\/v2\/pages"}],"about":[{"href":"https:\/\/bell24vietnam.vn\/en\/wp-json\/wp\/v2\/types\/page"}],"author":[{"embeddable":true,"href":"https:\/\/bell24vietnam.vn\/en\/wp-json\/wp\/v2\/users\/1"}],"replies":[{"embeddable":true,"href":"https:\/\/bell24vietnam.vn\/en\/wp-json\/wp\/v2\/comments?post=1176"}],"version-history":[{"count":0,"href":"https:\/\/bell24vietnam.vn\/en\/wp-json\/wp\/v2\/pages\/1176\/revisions"}],"wp:attachment":[{"href":"https:\/\/bell24vietnam.vn\/en\/wp-json\/wp\/v2\/media?parent=1176"}],"curies":[{"name":"wp","href":"https:\/\/api.w.org\/{rel}","templated":true}]}}