{"id":1178,"date":"2022-04-06T03:52:20","date_gmt":"2022-04-06T03:52:20","guid":{"rendered":"https:\/\/bellbell24vietnam.vn\/?page_id=1178"},"modified":"2022-04-06T03:52:20","modified_gmt":"2022-04-06T03:52:20","slug":"e-kyc","status":"publish","type":"page","link":"https:\/\/bell24vietnam.vn\/en\/e-kyc\/","title":{"rendered":"E-KYC"},"content":{"rendered":"<h1>E-KYC Technology <\/h1>\n<ul>\n<li>\n\t\t\t\t\t\t\t\t\t\tShorten customer identification time\n\t\t\t\t\t\t\t\t\t<\/li>\n<\/ul>\n<p>\t\t\t<a href=\"#\" role=\"button\"><br \/>\n\t\t\t\t\t\tGet advice now<br \/>\n\t\t\t\t\t<\/a><\/p>\n<p>KYC (Know Your Customer) \u2013 Identifying customers. This is a mandatory process to verify the identity of customers when participating in the services of Finance, Banking and Insurance enterprises. e-KYC (electronic Know Your Customer) is electronic customer identification, or online customer identification, allowing businesses to identify customers 100% online.<\/p>\n<h2>The value of e-KYC <\/h2>\n<h3>Fast, convenient <\/h3>\n<p><strong>\u00bb<\/strong> Register to use services such as opening an account, bank card, etc. via mobile phone without having to wait in line at the counter. No space restrictions.<\/p>\n<p><strong>\u00bb<\/strong> Reduce customer authentication time to seconds instead of hours.<\/p>\n<h3>Transparent \u2013 Accurate<\/h3>\n<p><strong>\u00bb<\/strong> Transparency in transactions, limiting fraud. Fast, objective customer authentication with very high accuracy (over 98%).<\/p>\n<h3>Catch up with the trend <\/h3>\n<p><strong>\u00bb<\/strong> Digitizing document processing is a trend. E-KYC helps businesses keep up with the trend and supports enhancing customer experience.<\/p>\n<h3>Save<\/h3>\n<p><strong>\u00bb<\/strong> Helps businesses save time, money and human resources compared to the traditional e-KYC model<\/p>\n<h2>Features <\/h2>\n<h4>Optical Character Recognition<\/h4>\n<p>Using object detection model combined with optical character recognition to extract information on identity documents and deep learning model to compare and authenticate the face in ID card with real-life face.<\/p>\n<p>\t\t\t<a role=\"button\"><br \/>\n\t\t\t\t\t\tGet advice<br \/>\n\t\t\t\t\t<\/a><br \/>\n\t\t\t\t\t\t\t\t\t\t\t\t\t\t\t<img loading=\"lazy\" decoding=\"async\" width=\"800\" height=\"800\" src=\"https:\/\/bell24vietnam.vn\/wp-content\/uploads\/2022\/05\/ocr.jpg\" alt=\"\" srcset=\"https:\/\/bell24vietnam.vn\/wp-content\/uploads\/2022\/05\/ocr.jpg 800w, https:\/\/bell24vietnam.vn\/wp-content\/uploads\/2022\/05\/ocr-300x300.jpg 300w, https:\/\/bell24vietnam.vn\/wp-content\/uploads\/2022\/05\/ocr-150x150.jpg 150w, https:\/\/bell24vietnam.vn\/wp-content\/uploads\/2022\/05\/ocr-768x768.jpg 768w\" sizes=\"auto, (max-width: 800px) 100vw, 800px\" \/><br \/>\n\t\t\t\t\t\t\t\t\t\t\t\t\t\t\t<img loading=\"lazy\" decoding=\"async\" width=\"786\" height=\"662\" src=\"https:\/\/bell24vietnam.vn\/wp-content\/uploads\/2022\/05\/videocallekyc.png\" alt=\"\" srcset=\"https:\/\/bell24vietnam.vn\/wp-content\/uploads\/2022\/05\/videocallekyc.png 786w, https:\/\/bell24vietnam.vn\/wp-content\/uploads\/2022\/05\/videocallekyc-300x253.png 300w, https:\/\/bell24vietnam.vn\/wp-content\/uploads\/2022\/05\/videocallekyc-768x647.png 768w\" sizes=\"auto, (max-width: 786px) 100vw, 786px\" \/><\/p>\n<h4>Video Call<\/h4>\n<p>Using the modern, highly secure e-KYC Video Call model. Staff communicate and interact online with customers via video, instructing them on how to verify their identity (holding their ID card, moving their face, signing in front of the staff via video call, etc.)<\/p>\n<p>\t\t\t<a role=\"button\"><br \/>\n\t\t\t\t\t\tGet advice<br \/>\n\t\t\t\t\t<\/a><\/p>\n<h2>Featured News<\/h2>\n<p>\t\t\t<a href=\"https:\/\/tai-nguyen\/\" role=\"button\"><br \/>\n\t\t\t\t\t\tSee more<br \/>\n\t\t\t\t\t<\/a><\/p>\n<h4>Want to get advice?<\/h4>\n<h2> Let B24 Help You Understand Better Through 1:1 Consulting <\/h2>\n<p>\t\t\t<a role=\"button\"><br \/>\n\t\t\t\t\t\tFill out the form<br \/>\n\t\t\t\t\t<\/a><br \/>\n\t\t\t<a href=\"tel:19001739\" role=\"button\"><br \/>\n\t\t\t\t\t\tHotline<br \/>\n\t\t\t\t\t<\/a><br \/>\n\t\t\t\t\t\t\t\t\t\t\t\t\t\t\t<img loading=\"lazy\" decoding=\"async\" width=\"729\" height=\"680\" src=\"https:\/\/bell24vietnam.vn\/wp-content\/uploads\/2022\/04\/model-e1650208590202.png\" alt=\"model\" srcset=\"https:\/\/bell24vietnam.vn\/wp-content\/uploads\/2022\/04\/model-e1650208590202.png 729w, https:\/\/bell24vietnam.vn\/wp-content\/uploads\/2022\/04\/model-e1650208590202-300x280.png 300w\" sizes=\"auto, (max-width: 729px) 100vw, 729px\" \/><\/p>","protected":false},"excerpt":{"rendered":"<p>C\u00f4ng ngh\u1ec7 E-KYC R\u00fat ng\u1eafn th\u1eddi gian \u0111\u1ecbnh danh kh\u00e1ch h\u00e0ng Nh\u1eadn t\u01b0 v\u1ea5n ngay KYC (Know Your Customer) &#8211; [&hellip;]<\/p>","protected":false},"author":1,"featured_media":0,"parent":0,"menu_order":0,"comment_status":"closed","ping_status":"closed","template":"","meta":{"_acf_changed":false,"_monsterinsights_skip_tracking":false,"_monsterinsights_sitenote_active":false,"_monsterinsights_sitenote_note":"","_monsterinsights_sitenote_category":0,"site-sidebar-layout":"no-sidebar","site-content-layout":"page-builder","ast-site-content-layout":"","site-content-style":"default","site-sidebar-style":"default","ast-global-header-display":"","ast-banner-title-visibility":"","ast-main-header-display":"","ast-hfb-above-header-display":"","ast-hfb-below-header-display":"","ast-hfb-mobile-header-display":"","site-post-title":"disabled","ast-breadcrumbs-content":"","ast-featured-img":"disabled","footer-sml-layout":"","theme-transparent-header-meta":"default","adv-header-id-meta":"","stick-header-meta":"","header-above-stick-meta":"","header-main-stick-meta":"","header-below-stick-meta":"","astra-migrate-meta-layouts":"default","ast-page-background-enabled":"default","ast-page-background-meta":{"desktop":{"background-color":"var(--ast-global-color-4)","background-image":"","background-repeat":"repeat","background-position":"center center","background-size":"auto","background-attachment":"scroll","background-type":"","background-media":"","overlay-type":"","overlay-color":"","overlay-opacity":"","overlay-gradient":""},"tablet":{"background-color":"","background-image":"","background-repeat":"repeat","background-position":"center center","background-size":"auto","background-attachment":"scroll","background-type":"","background-media":"","overlay-type":"","overlay-color":"","overlay-opacity":"","overlay-gradient":""},"mobile":{"background-color":"","background-image":"","background-repeat":"repeat","background-position":"center center","background-size":"auto","background-attachment":"scroll","background-type":"","background-media":"","overlay-type":"","overlay-color":"","overlay-opacity":"","overlay-gradient":""}},"ast-content-background-meta":{"desktop":{"background-color":"var(--ast-global-color-5)","background-image":"","background-repeat":"repeat","background-position":"center center","background-size":"auto","background-attachment":"scroll","background-type":"","background-media":"","overlay-type":"","overlay-color":"","overlay-opacity":"","overlay-gradient":""},"tablet":{"background-color":"var(--ast-global-color-5)","background-image":"","background-repeat":"repeat","background-position":"center center","background-size":"auto","background-attachment":"scroll","background-type":"","background-media":"","overlay-type":"","overlay-color":"","overlay-opacity":"","overlay-gradient":""},"mobile":{"background-color":"var(--ast-global-color-5)","background-image":"","background-repeat":"repeat","background-position":"center center","background-size":"auto","background-attachment":"scroll","background-type":"","background-media":"","overlay-type":"","overlay-color":"","overlay-opacity":"","overlay-gradient":""}},"footnotes":""},"class_list":["post-1178","page","type-page","status-publish","hentry"],"acf":[],"yoast_head":"<!-- This site is optimized with the Yoast SEO plugin v23.0 - https:\/\/yoast.com\/wordpress\/plugins\/seo\/ -->\n<title>E-KYC - Bellsystem24 Vietnam<\/title>\n<meta name=\"description\" content=\"KYC (Know Your Customer) \u2013 Nh\u1eadn bi\u1ebft kh\u00e1ch h\u00e0ng. \u0110\u00e2y l\u00e0 m\u1ed9t quy tr\u00ecnh b\u1eaft bu\u1ed9c nh\u1eb1m x\u00e1c minh danh t\u00ednh c\u1ee7a kh\u00e1ch h\u00e0ng khi tham gia v\u00e0o c\u00e1c d\u1ecbch v\u1ee5 c\u1ee7a doanh nghi\u1ec7p T\u00e0i ch\u00ednh, Ng\u00e2n h\u00e0ng v\u00e0 B\u1ea3o hi\u1ec3m. e-KYC (electronic Know Your Customer) l\u00e0 \u0111\u1ecbnh danh kh\u00e1ch h\u00e0ng \u0111i\u1ec7n t\u1eed, hay \u0111\u1ecbnh danh kh\u00e1ch h\u00e0ng tr\u1ef1c tuy\u1ebfn, cho ph\u00e9p c\u00e1c doanh nghi\u1ec7p \u0111\u1ecbnh danh kh\u00e1ch h\u00e0ng 100% online.\" \/>\n<meta name=\"robots\" content=\"index, follow, max-snippet:-1, max-image-preview:large, max-video-preview:-1\" \/>\n<link rel=\"canonical\" href=\"https:\/\/bell24vietnam.vn\/en\/e-kyc\/\" \/>\n<meta property=\"og:locale\" content=\"en_US\" \/>\n<meta property=\"og:type\" content=\"article\" \/>\n<meta property=\"og:title\" content=\"E-KYC - Bellsystem24 Vietnam\" \/>\n<meta property=\"og:description\" content=\"KYC (Know Your Customer) \u2013 Nh\u1eadn bi\u1ebft kh\u00e1ch h\u00e0ng. \u0110\u00e2y l\u00e0 m\u1ed9t quy tr\u00ecnh b\u1eaft bu\u1ed9c nh\u1eb1m x\u00e1c minh danh t\u00ednh c\u1ee7a kh\u00e1ch h\u00e0ng khi tham gia v\u00e0o c\u00e1c d\u1ecbch v\u1ee5 c\u1ee7a doanh nghi\u1ec7p T\u00e0i ch\u00ednh, Ng\u00e2n h\u00e0ng v\u00e0 B\u1ea3o hi\u1ec3m. e-KYC (electronic Know Your Customer) l\u00e0 \u0111\u1ecbnh danh kh\u00e1ch h\u00e0ng \u0111i\u1ec7n t\u1eed, hay \u0111\u1ecbnh danh kh\u00e1ch h\u00e0ng tr\u1ef1c tuy\u1ebfn, cho ph\u00e9p c\u00e1c doanh nghi\u1ec7p \u0111\u1ecbnh danh kh\u00e1ch h\u00e0ng 100% online.\" \/>\n<meta property=\"og:url\" content=\"https:\/\/bell24vietnam.vn\/en\/e-kyc\/\" \/>\n<meta property=\"og:site_name\" content=\"Bellsystem24 Vietnam\" \/>\n<meta property=\"article:publisher\" content=\"https:\/\/www.facebook.com\/BELLSYSTEM24.VIETNAM\" \/>\n<meta property=\"og:image\" content=\"https:\/\/bell24vietnam.vn\/wp-content\/uploads\/2022\/05\/ocr.jpg\" \/>\n<meta name=\"twitter:card\" content=\"summary_large_image\" \/>\n<meta name=\"twitter:label1\" content=\"Est. reading time\" \/>\n\t<meta name=\"twitter:data1\" content=\"4 minutes\" \/>\n<script type=\"application\/ld+json\" class=\"yoast-schema-graph\">{\"@context\":\"https:\/\/schema.org\",\"@graph\":[{\"@type\":\"WebPage\",\"@id\":\"https:\/\/bell24vietnam.vn\/e-kyc\/\",\"url\":\"https:\/\/bell24vietnam.vn\/e-kyc\/\",\"name\":\"E-KYC - Bellsystem24 Vietnam\",\"isPartOf\":{\"@id\":\"https:\/\/bell24vietnam.vn\/#website\"},\"primaryImageOfPage\":{\"@id\":\"https:\/\/bell24vietnam.vn\/e-kyc\/#primaryimage\"},\"image\":{\"@id\":\"https:\/\/bell24vietnam.vn\/e-kyc\/#primaryimage\"},\"thumbnailUrl\":\"https:\/\/bell24vietnam.vn\/wp-content\/uploads\/2022\/05\/ocr.jpg\",\"datePublished\":\"2022-04-06T03:52:20+00:00\",\"dateModified\":\"2022-04-06T03:52:20+00:00\",\"description\":\"KYC (Know Your Customer) \u2013 Nh\u1eadn bi\u1ebft kh\u00e1ch h\u00e0ng. \u0110\u00e2y l\u00e0 m\u1ed9t quy tr\u00ecnh b\u1eaft bu\u1ed9c nh\u1eb1m x\u00e1c minh danh t\u00ednh c\u1ee7a kh\u00e1ch h\u00e0ng khi tham gia v\u00e0o c\u00e1c d\u1ecbch v\u1ee5 c\u1ee7a doanh nghi\u1ec7p T\u00e0i ch\u00ednh, Ng\u00e2n h\u00e0ng v\u00e0 B\u1ea3o hi\u1ec3m. e-KYC (electronic Know Your Customer) l\u00e0 \u0111\u1ecbnh danh kh\u00e1ch h\u00e0ng \u0111i\u1ec7n t\u1eed, hay \u0111\u1ecbnh danh kh\u00e1ch h\u00e0ng tr\u1ef1c tuy\u1ebfn, cho ph\u00e9p c\u00e1c doanh nghi\u1ec7p \u0111\u1ecbnh danh kh\u00e1ch h\u00e0ng 100% online.\",\"breadcrumb\":{\"@id\":\"https:\/\/bell24vietnam.vn\/e-kyc\/#breadcrumb\"},\"inLanguage\":\"en-US\",\"potentialAction\":[{\"@type\":\"ReadAction\",\"target\":[\"https:\/\/bell24vietnam.vn\/e-kyc\/\"]}]},{\"@type\":\"ImageObject\",\"inLanguage\":\"en-US\",\"@id\":\"https:\/\/bell24vietnam.vn\/e-kyc\/#primaryimage\",\"url\":\"https:\/\/bell24vietnam.vn\/wp-content\/uploads\/2022\/05\/ocr.jpg\",\"contentUrl\":\"https:\/\/bell24vietnam.vn\/wp-content\/uploads\/2022\/05\/ocr.jpg\"},{\"@type\":\"BreadcrumbList\",\"@id\":\"https:\/\/bell24vietnam.vn\/e-kyc\/#breadcrumb\",\"itemListElement\":[{\"@type\":\"ListItem\",\"position\":1,\"name\":\"Home\",\"item\":\"https:\/\/bell24vietnam.vn\/\"},{\"@type\":\"ListItem\",\"position\":2,\"name\":\"E-KYC\"}]},{\"@type\":\"WebSite\",\"@id\":\"https:\/\/bell24vietnam.vn\/#website\",\"url\":\"https:\/\/bell24vietnam.vn\/\",\"name\":\"Bellsystem24 Vietnam\",\"description\":\"Every voice matter\",\"publisher\":{\"@id\":\"https:\/\/bell24vietnam.vn\/#organization\"},\"potentialAction\":[{\"@type\":\"SearchAction\",\"target\":{\"@type\":\"EntryPoint\",\"urlTemplate\":\"https:\/\/bell24vietnam.vn\/?s={search_term_string}\"},\"query-input\":\"required name=search_term_string\"}],\"inLanguage\":\"en-US\"},{\"@type\":\"Organization\",\"@id\":\"https:\/\/bell24vietnam.vn\/#organization\",\"name\":\"Bellsystem24 Vietnam\",\"url\":\"https:\/\/bell24vietnam.vn\/\",\"logo\":{\"@type\":\"ImageObject\",\"inLanguage\":\"en-US\",\"@id\":\"https:\/\/bell24vietnam.vn\/#\/schema\/logo\/image\/\",\"url\":\"https:\/\/bell24vietnam.vn\/wp-content\/uploads\/2024\/06\/BellSystem24.png\",\"contentUrl\":\"https:\/\/bell24vietnam.vn\/wp-content\/uploads\/2024\/06\/BellSystem24.png\",\"width\":426,\"height\":118,\"caption\":\"Bellsystem24 Vietnam\"},\"image\":{\"@id\":\"https:\/\/bell24vietnam.vn\/#\/schema\/logo\/image\/\"},\"sameAs\":[\"https:\/\/www.facebook.com\/BELLSYSTEM24.VIETNAM\",\"https:\/\/www.youtube.com\/@BELLSYSTEM24.VIETNAM\",\"https:\/\/www.linkedin.com\/company\/bellsystem24vietnam\"]}]}<\/script>\n<!-- \/ Yoast SEO plugin. -->","yoast_head_json":{"title":"E-KYC - Bellsystem24 Vietnam","description":"KYC (Know Your Customer) \u2013 Nh\u1eadn bi\u1ebft kh\u00e1ch h\u00e0ng. \u0110\u00e2y l\u00e0 m\u1ed9t quy tr\u00ecnh b\u1eaft bu\u1ed9c nh\u1eb1m x\u00e1c minh danh t\u00ednh c\u1ee7a kh\u00e1ch h\u00e0ng khi tham gia v\u00e0o c\u00e1c d\u1ecbch v\u1ee5 c\u1ee7a doanh nghi\u1ec7p T\u00e0i ch\u00ednh, Ng\u00e2n h\u00e0ng v\u00e0 B\u1ea3o hi\u1ec3m. e-KYC (electronic Know Your Customer) l\u00e0 \u0111\u1ecbnh danh kh\u00e1ch h\u00e0ng \u0111i\u1ec7n t\u1eed, hay \u0111\u1ecbnh danh kh\u00e1ch h\u00e0ng tr\u1ef1c tuy\u1ebfn, cho ph\u00e9p c\u00e1c doanh nghi\u1ec7p \u0111\u1ecbnh danh kh\u00e1ch h\u00e0ng 100% online.","robots":{"index":"index","follow":"follow","max-snippet":"max-snippet:-1","max-image-preview":"max-image-preview:large","max-video-preview":"max-video-preview:-1"},"canonical":"https:\/\/bell24vietnam.vn\/en\/e-kyc\/","og_locale":"en_US","og_type":"article","og_title":"E-KYC - Bellsystem24 Vietnam","og_description":"KYC (Know Your Customer) \u2013 Nh\u1eadn bi\u1ebft kh\u00e1ch h\u00e0ng. \u0110\u00e2y l\u00e0 m\u1ed9t quy tr\u00ecnh b\u1eaft bu\u1ed9c nh\u1eb1m x\u00e1c minh danh t\u00ednh c\u1ee7a kh\u00e1ch h\u00e0ng khi tham gia v\u00e0o c\u00e1c d\u1ecbch v\u1ee5 c\u1ee7a doanh nghi\u1ec7p T\u00e0i ch\u00ednh, Ng\u00e2n h\u00e0ng v\u00e0 B\u1ea3o hi\u1ec3m. e-KYC (electronic Know Your Customer) l\u00e0 \u0111\u1ecbnh danh kh\u00e1ch h\u00e0ng \u0111i\u1ec7n t\u1eed, hay \u0111\u1ecbnh danh kh\u00e1ch h\u00e0ng tr\u1ef1c tuy\u1ebfn, cho ph\u00e9p c\u00e1c doanh nghi\u1ec7p \u0111\u1ecbnh danh kh\u00e1ch h\u00e0ng 100% online.","og_url":"https:\/\/bell24vietnam.vn\/en\/e-kyc\/","og_site_name":"Bellsystem24 Vietnam","article_publisher":"https:\/\/www.facebook.com\/BELLSYSTEM24.VIETNAM","og_image":[{"url":"https:\/\/bell24vietnam.vn\/wp-content\/uploads\/2022\/05\/ocr.jpg"}],"twitter_card":"summary_large_image","twitter_misc":{"Est. reading time":"4 minutes"},"schema":{"@context":"https:\/\/schema.org","@graph":[{"@type":"WebPage","@id":"https:\/\/bell24vietnam.vn\/e-kyc\/","url":"https:\/\/bell24vietnam.vn\/e-kyc\/","name":"E-KYC - Bellsystem24 Vietnam","isPartOf":{"@id":"https:\/\/bell24vietnam.vn\/#website"},"primaryImageOfPage":{"@id":"https:\/\/bell24vietnam.vn\/e-kyc\/#primaryimage"},"image":{"@id":"https:\/\/bell24vietnam.vn\/e-kyc\/#primaryimage"},"thumbnailUrl":"https:\/\/bell24vietnam.vn\/wp-content\/uploads\/2022\/05\/ocr.jpg","datePublished":"2022-04-06T03:52:20+00:00","dateModified":"2022-04-06T03:52:20+00:00","description":"KYC (Know Your Customer) \u2013 Nh\u1eadn bi\u1ebft kh\u00e1ch h\u00e0ng. \u0110\u00e2y l\u00e0 m\u1ed9t quy tr\u00ecnh b\u1eaft bu\u1ed9c nh\u1eb1m x\u00e1c minh danh t\u00ednh c\u1ee7a kh\u00e1ch h\u00e0ng khi tham gia v\u00e0o c\u00e1c d\u1ecbch v\u1ee5 c\u1ee7a doanh nghi\u1ec7p T\u00e0i ch\u00ednh, Ng\u00e2n h\u00e0ng v\u00e0 B\u1ea3o hi\u1ec3m. e-KYC (electronic Know Your Customer) l\u00e0 \u0111\u1ecbnh danh kh\u00e1ch h\u00e0ng \u0111i\u1ec7n t\u1eed, hay \u0111\u1ecbnh danh kh\u00e1ch h\u00e0ng tr\u1ef1c tuy\u1ebfn, cho ph\u00e9p c\u00e1c doanh nghi\u1ec7p \u0111\u1ecbnh danh kh\u00e1ch h\u00e0ng 100% online.","breadcrumb":{"@id":"https:\/\/bell24vietnam.vn\/e-kyc\/#breadcrumb"},"inLanguage":"en-US","potentialAction":[{"@type":"ReadAction","target":["https:\/\/bell24vietnam.vn\/e-kyc\/"]}]},{"@type":"ImageObject","inLanguage":"en-US","@id":"https:\/\/bell24vietnam.vn\/e-kyc\/#primaryimage","url":"https:\/\/bell24vietnam.vn\/wp-content\/uploads\/2022\/05\/ocr.jpg","contentUrl":"https:\/\/bell24vietnam.vn\/wp-content\/uploads\/2022\/05\/ocr.jpg"},{"@type":"BreadcrumbList","@id":"https:\/\/bell24vietnam.vn\/e-kyc\/#breadcrumb","itemListElement":[{"@type":"ListItem","position":1,"name":"Home","item":"https:\/\/bell24vietnam.vn\/"},{"@type":"ListItem","position":2,"name":"E-KYC"}]},{"@type":"WebSite","@id":"https:\/\/bell24vietnam.vn\/#website","url":"https:\/\/bell24vietnam.vn\/","name":"Bellsystem24 Vietnam","description":"Every voice matters","publisher":{"@id":"https:\/\/bell24vietnam.vn\/#organization"},"potentialAction":[{"@type":"SearchAction","target":{"@type":"EntryPoint","urlTemplate":"https:\/\/bell24vietnam.vn\/?s={search_term_string}"},"query-input":"required name=search_term_string"}],"inLanguage":"en-US"},{"@type":"Organization","@id":"https:\/\/bell24vietnam.vn\/#organization","name":"Bellsystem24 Vietnam","url":"https:\/\/bell24vietnam.vn\/","logo":{"@type":"ImageObject","inLanguage":"en-US","@id":"https:\/\/bell24vietnam.vn\/#\/schema\/logo\/image\/","url":"https:\/\/bell24vietnam.vn\/wp-content\/uploads\/2024\/06\/BellSystem24.png","contentUrl":"https:\/\/bell24vietnam.vn\/wp-content\/uploads\/2024\/06\/BellSystem24.png","width":426,"height":118,"caption":"Bellsystem24 Vietnam"},"image":{"@id":"https:\/\/bell24vietnam.vn\/#\/schema\/logo\/image\/"},"sameAs":["https:\/\/www.facebook.com\/BELLSYSTEM24.VIETNAM","https:\/\/www.youtube.com\/@BELLSYSTEM24.VIETNAM","https:\/\/www.linkedin.com\/company\/bellsystem24vietnam"]}]}},"_links":{"self":[{"href":"https:\/\/bell24vietnam.vn\/en\/wp-json\/wp\/v2\/pages\/1178","targetHints":{"allow":["GET"]}}],"collection":[{"href":"https:\/\/bell24vietnam.vn\/en\/wp-json\/wp\/v2\/pages"}],"about":[{"href":"https:\/\/bell24vietnam.vn\/en\/wp-json\/wp\/v2\/types\/page"}],"author":[{"embeddable":true,"href":"https:\/\/bell24vietnam.vn\/en\/wp-json\/wp\/v2\/users\/1"}],"replies":[{"embeddable":true,"href":"https:\/\/bell24vietnam.vn\/en\/wp-json\/wp\/v2\/comments?post=1178"}],"version-history":[{"count":0,"href":"https:\/\/bell24vietnam.vn\/en\/wp-json\/wp\/v2\/pages\/1178\/revisions"}],"wp:attachment":[{"href":"https:\/\/bell24vietnam.vn\/en\/wp-json\/wp\/v2\/media?parent=1178"}],"curies":[{"name":"wp","href":"https:\/\/api.w.org\/{rel}","templated":true}]}}