{"id":2203,"date":"2022-04-15T10:43:57","date_gmt":"2022-04-15T03:43:57","guid":{"rendered":"https:\/\/bellbell24vietnam.vn\/?page_id=2203"},"modified":"2022-04-15T10:43:57","modified_gmt":"2022-04-15T03:43:57","slug":"real-estate","status":"publish","type":"page","link":"https:\/\/bell24vietnam.vn\/en\/industry\/real-estate\/","title":{"rendered":"Professional Call Center Solutions for the Real Estate Industry"},"content":{"rendered":"<h1>Industry solutions<br \/><b>Real Estate<\/b><\/h1>\n<p>Businesses in the real estate industry often face the following problems: Ineffective exploitation and use of data, difficulties in management and evaluation of data quality, difficulty in monitoring and understanding the working status of sales staff, and businesses often lose a lot of resources for product promotion and communication work.<\/p>\n<p>Our solution will help Real Estate businesses:<\/p>\n<ul>\n<li><a style=\"color: #ffffff;\" href=\"#dongbodulieukinhdoanh\">Business data synchronization<\/a><\/li>\n<li><a style=\"color: #ffffff;\" href=\"#quanlydoingu\">Easy, unified management<\/a><\/li>\n<li>Increase sales revenue<\/li>\n<li><a style=\"color: #ffffff;\" href=\"#trainghiemkhachhang\">Enhance customer experience<\/a><\/li>\n<li><a style=\"color: #ffffff;\" href=\"#daotaonhansubds\">Team Training<\/a><\/li>\n<\/ul>\n<p>\t\t\t<a href=\"https:\/\/bell24vietnam.vn\/en\/contact-us\/\" role=\"button\"><br \/>\n\t\t\t\t\t\tGet advice now<br \/>\n\t\t\t\t\t<\/a><\/p>\n<h2>Solutions to improve service quality <\/h2>\n<h2>Synchronize data, digitize Sales &amp; Customer Care processes  <\/h2>\n<ul>\n<li>Store and manage customer information on a single source. Import a list of customer phone numbers into the system, divided by user of each employee.<\/li>\n<li>Classify customers into groups and develop separate care procedures.<\/li>\n<li>Easily look up information, review care history, listen to previous calls to come up with the most appropriate approach to customers for the next call.<\/li>\n<li>Maintain customer engagement with automation tools, calendars, and pre-built scripts.<\/li>\n<li>Professional business performance evaluation with pre-built reports<\/li>\n<\/ul>\n<p>\t\t\t<a href=\"https:\/\/bell24vietnam.vn\/en\/customer-care-service\/\" role=\"button\"><br \/>\n\t\t\t\t\t\tCustomer Service Solutions<br \/>\n\t\t\t\t\t<\/a><\/p>\n<h2>Relieve the worry of managing the real estate sales team <\/h2>\n<ul>\n<li>Grasp the progress and work efficiency of each Sales: View call recording files, interaction time, interaction efficiency, customer contact status...<\/li>\n<li>Assign and manage Sales work for each project. Manage user permissions on CRM for each department and position.<\/li>\n<\/ul>\n<h2>Professional and effective sales solutions <\/h2>\n<ul>\n<li>Provide a team of sales consultants who are skilled, experienced, understand customer psychology, have proficient skills, and close deals quickly.<\/li>\n<li>Applying smart technology helps increase the efficiency of Telemarketing and sales consulting, automatically making hundreds of calls at the same time.<\/li>\n<li>Save\/shorten time and effort from calling, texting for consultation, taking customers to visit model homes, to writing emails to send project information, consulting on procedures, sales policies, loan options... with Auto Dial, AutoCall, Voicebot, Auto SMS, Auto Email.<\/li>\n<\/ul>\n<p>\t\t\t<a href=\"https:\/\/bell24vietnam.vn\/en\/telesales-telemarketing-services\/\" role=\"button\"><br \/>\n\t\t\t\t\t\tLearn more<br \/>\n\t\t\t\t\t<\/a><br \/>\n\t\t\t<a role=\"button\"><br \/>\n\t\t\t\t\t\tContact<br \/>\n\t\t\t\t\t<\/a><\/p>\n<h2>Personalize the customer experience <\/h2>\n<h4>Personalized script<\/h4>\n<p>Sales will always have a separate care script for each target, the message will be personalized. <\/p>\n<h4>Email marketing automation<\/h4>\n<p>Automatically send project information emails that suit customer needs (For each group of customers with investment or housing needs,... or when customers leave consulting information, download quotes,...) <\/p>\n<h4>Automated Chatbot<\/h4>\n<p>Chatbot automatically answers customers about project information and policies of each type of apartment 24\/7. Create many diverse scenarios, close to customer questions. Send mass messages to customers about event\/promotion updates. <\/p>\n<h4>Customer Journey<\/h4>\n<p>Update the progress of appointments, introductions, consultations or contract discussions of Sales. Review customer care history, past customer interaction journey, from there know how to focus resources to approach\/offer the most suitable incentives to customers, thereby increasing conversion rates.<\/p>\n<figure><img loading=\"lazy\" decoding=\"async\" width=\"400\" height=\"435\" src=\"https:\/\/bell24vietnam.vn\/wp-content\/uploads\/2022\/04\/SangCiti.png\" alt=\"SangCiti\" \/><\/figure>\n<h4>Quang Sang<\/h4>\n<p>Customer service agent<\/p>\n<p>\t\t\t\t\t\t\t\t\t\t\t\t\t\t\t<img loading=\"lazy\" decoding=\"async\" width=\"1107\" height=\"989\" src=\"https:\/\/bell24vietnam.vn\/wp-content\/uploads\/2022\/04\/Mr.Long_.png\" alt=\"Mr. Long\" srcset=\"https:\/\/bell24vietnam.vn\/wp-content\/uploads\/2022\/04\/Mr.Long_.png 1107w, https:\/\/bell24vietnam.vn\/wp-content\/uploads\/2022\/04\/Mr.Long_-300x268.png 300w, https:\/\/bell24vietnam.vn\/wp-content\/uploads\/2022\/04\/Mr.Long_-1024x915.png 1024w, https:\/\/bell24vietnam.vn\/wp-content\/uploads\/2022\/04\/Mr.Long_-768x686.png 768w\" sizes=\"auto, (max-width: 1107px) 100vw, 1107px\" \/><\/p>\n<h2>Professional and systematic staff training at the most optimal cost <\/h2>\n<ul>\n<li>Courses, workshops, and systematic trainings for human resources and business management. Flexible content design according to business characteristics and real estate projects.<\/li>\n<li>Sell or rent professional Learning Management System for internal training. Free special courses on customer service skills worth up to 36 million VND. Practical and quick application for diverse scales and training needs of businesses.<\/li>\n<\/ul>\n<p>\t\t\t<a href=\"https:\/\/bell24vietnam.vn\/en\/dao-tao-doanh-nghiep\/\" role=\"button\"><br \/>\n\t\t\t\t\t\tView courses<br \/>\n\t\t\t\t\t<\/a><\/p>\n<h2>Why choose Bell24VN?<\/h2>\n<ul>\n<li>\n\t\t\t\t\t\t\t\t\t\tDeep understanding of the Real Estate industry\n\t\t\t\t\t\t\t\t\t<\/li>\n<li>\n\t\t\t\t\t\t\t\t\t\tComprehensive solution, closely following business processes\n\t\t\t\t\t\t\t\t\t<\/li>\n<li>\n\t\t\t\t\t\t\t\t\t\tHigh flexibility at any time\n\t\t\t\t\t\t\t\t\t<\/li>\n<li>\n\t\t\t\t\t\t\t\t\t\tThe most optimal cost\n\t\t\t\t\t\t\t\t\t<\/li>\n<li>\n\t\t\t\t\t\t\t\t\t\tNo. 1 operating experience in Vietnam with more than 200 projects\n\t\t\t\t\t\t\t\t\t<\/li>\n<\/ul>\n<p>\t\t\t<a role=\"button\"><br \/>\n\t\t\t\t\t\tContact now<br \/>\n\t\t\t\t\t<\/a><br \/>\n\t\t\t\t0<br \/>\n\t\t\t\t%<br \/>\n\t\t\t\t\t\t\tPerformance growth<br \/>\n\t\t\t\t0<br \/>\n\t\t\t\t%<br \/>\n\t\t\t\t\t\t\tCSAT<br \/>\n\t\t\t\t0<br \/>\n\t\t\t\t%<br \/>\n\t\t\t\t\t\t\tCost savings<\/p>\n<h4>Want to get advice?<\/h4>\n<h2>Let Bell24VN Help You Understand Better Through 1:1 Consulting <\/h2>\n<p>\t\t\t<a role=\"button\"><br \/>\n\t\t\t\t\t\tFill out the form<br \/>\n\t\t\t\t\t<\/a><br \/>\n\t\t\t<a href=\"tel:19001739\" role=\"button\"><br \/>\n\t\t\t\t\t\tHotline<br \/>\n\t\t\t\t\t<\/a><br \/>\n\t\t\t\t\t\t\t\t\t\t\t\t\t\t\t<img loading=\"lazy\" decoding=\"async\" width=\"729\" height=\"680\" src=\"https:\/\/bell24vietnam.vn\/wp-content\/uploads\/2022\/04\/model-e1650208590202.png\" alt=\"model\" srcset=\"https:\/\/bell24vietnam.vn\/wp-content\/uploads\/2022\/04\/model-e1650208590202.png 729w, https:\/\/bell24vietnam.vn\/wp-content\/uploads\/2022\/04\/model-e1650208590202-300x280.png 300w\" sizes=\"auto, (max-width: 729px) 100vw, 729px\" \/><\/p>","protected":false},"excerpt":{"rendered":"<p>Gi\u1ea3i ph\u00e1p ng\u00e0nhB\u1ea5t \u0111\u1ed9ng s\u1ea3n C\u00e1c doanh nghi\u1ec7p trong ng\u00e0nh B\u0110S th\u01b0\u1eddng ph\u1ea3i \u0111\u1ed1i m\u1eb7t v\u1edbi c\u00e1c v\u1ea5n \u0111\u1ec1: Khai [&hellip;]<\/p>","protected":false},"author":1,"featured_media":0,"parent":593,"menu_order":0,"comment_status":"closed","ping_status":"closed","template":"","meta":{"_acf_changed":false,"_monsterinsights_skip_tracking":false,"_monsterinsights_sitenote_active":false,"_monsterinsights_sitenote_note":"","_monsterinsights_sitenote_category":0,"site-sidebar-layout":"no-sidebar","site-content-layout":"page-builder","ast-site-content-layout":"","site-content-style":"default","site-sidebar-style":"default","ast-global-header-display":"","ast-banner-title-visibility":"","ast-main-header-display":"","ast-hfb-above-header-display":"","ast-hfb-below-header-display":"","ast-hfb-mobile-header-display":"","site-post-title":"disabled","ast-breadcrumbs-content":"","ast-featured-img":"disabled","footer-sml-layout":"","theme-transparent-header-meta":"default","adv-header-id-meta":"","stick-header-meta":"","header-above-stick-meta":"","header-main-stick-meta":"","header-below-stick-meta":"","astra-migrate-meta-layouts":"default","ast-page-background-enabled":"default","ast-page-background-meta":{"desktop":{"background-color":"var(--ast-global-color-4)","background-image":"","background-repeat":"repeat","background-position":"center center","background-size":"auto","background-attachment":"scroll","background-type":"","background-media":"","overlay-type":"","overlay-color":"","overlay-opacity":"","overlay-gradient":""},"tablet":{"background-color":"","background-image":"","background-repeat":"repeat","background-position":"center center","background-size":"auto","background-attachment":"scroll","background-type":"","background-media":"","overlay-type":"","overlay-color":"","overlay-opacity":"","overlay-gradient":""},"mobile":{"background-color":"","background-image":"","background-repeat":"repeat","background-position":"center center","background-size":"auto","background-attachment":"scroll","background-type":"","background-media":"","overlay-type":"","overlay-color":"","overlay-opacity":"","overlay-gradient":""}},"ast-content-background-meta":{"desktop":{"background-color":"var(--ast-global-color-5)","background-image":"","background-repeat":"repeat","background-position":"center center","background-size":"auto","background-attachment":"scroll","background-type":"","background-media":"","overlay-type":"","overlay-color":"","overlay-opacity":"","overlay-gradient":""},"tablet":{"background-color":"var(--ast-global-color-5)","background-image":"","background-repeat":"repeat","background-position":"center center","background-size":"auto","background-attachment":"scroll","background-type":"","background-media":"","overlay-type":"","overlay-color":"","overlay-opacity":"","overlay-gradient":""},"mobile":{"background-color":"var(--ast-global-color-5)","background-image":"","background-repeat":"repeat","background-position":"center center","background-size":"auto","background-attachment":"scroll","background-type":"","background-media":"","overlay-type":"","overlay-color":"","overlay-opacity":"","overlay-gradient":""}},"footnotes":""},"class_list":["post-2203","page","type-page","status-publish","hentry"],"acf":[],"yoast_head":"<!-- This site is optimized with the Yoast SEO plugin v23.0 - https:\/\/yoast.com\/wordpress\/plugins\/seo\/ -->\n<title>Gi\u1ea3i ph\u00e1p t\u1ed5ng \u0111\u00e0i Call center chuy\u00ean nghi\u1ec7p ng\u00e0nh B\u1ea5t \u0110\u1ed9ng S\u1ea3n<\/title>\n<meta name=\"description\" content=\"Khai th\u00e1c v\u00e0 s\u1eed d\u1ee5ng Data thi\u1ebfu hi\u1ec7u qu\u1ea3, kh\u00f3 kh\u0103n trong qu\u1ea3n l\u00fd, \u0111\u00e1nh gi\u00e1 ch\u1ea5t l\u01b0\u1ee3ng data, kh\u00f3 theo d\u00f5i v\u00e0 n\u1eafm b\u1eaft t\u00ecnh tr\u1ea1ng l\u00e0m vi\u1ec7c c\u1ee7a nh\u00e2n vi\u00ean Sales, v\u00e0 doanh nghi\u1ec7p th\u01b0\u1eddng m\u1ea5t r\u1ea5t nhi\u1ec1u ngu\u1ed3n l\u1ef1c cho c\u00e1c c\u00f4ng vi\u1ec7c truy\u1ec1n th\u00f4ng qu\u1ea3ng b\u00e1 s\u1ea3n ph\u1ea9m.\" \/>\n<meta name=\"robots\" content=\"index, follow, max-snippet:-1, max-image-preview:large, max-video-preview:-1\" \/>\n<link rel=\"canonical\" href=\"https:\/\/bell24vietnam.vn\/en\/industry\/real-estate\/\" \/>\n<meta property=\"og:locale\" content=\"en_US\" \/>\n<meta property=\"og:type\" content=\"article\" \/>\n<meta property=\"og:title\" content=\"Gi\u1ea3i ph\u00e1p t\u1ed5ng \u0111\u00e0i Call center chuy\u00ean nghi\u1ec7p ng\u00e0nh B\u1ea5t \u0110\u1ed9ng S\u1ea3n\" \/>\n<meta property=\"og:description\" content=\"Khai th\u00e1c v\u00e0 s\u1eed d\u1ee5ng Data thi\u1ebfu hi\u1ec7u qu\u1ea3, kh\u00f3 kh\u0103n trong qu\u1ea3n l\u00fd, \u0111\u00e1nh gi\u00e1 ch\u1ea5t l\u01b0\u1ee3ng data, kh\u00f3 theo d\u00f5i v\u00e0 n\u1eafm b\u1eaft t\u00ecnh tr\u1ea1ng l\u00e0m vi\u1ec7c c\u1ee7a nh\u00e2n vi\u00ean Sales, v\u00e0 doanh nghi\u1ec7p th\u01b0\u1eddng m\u1ea5t r\u1ea5t nhi\u1ec1u ngu\u1ed3n l\u1ef1c cho c\u00e1c c\u00f4ng vi\u1ec7c truy\u1ec1n th\u00f4ng qu\u1ea3ng b\u00e1 s\u1ea3n ph\u1ea9m.\" \/>\n<meta property=\"og:url\" content=\"https:\/\/bell24vietnam.vn\/en\/industry\/real-estate\/\" \/>\n<meta property=\"og:site_name\" content=\"Bellsystem24 Vietnam\" \/>\n<meta property=\"article:publisher\" content=\"https:\/\/www.facebook.com\/BELLSYSTEM24.VIETNAM\" \/>\n<meta property=\"og:image\" content=\"https:\/\/bell24vietnam.vn\/wp-content\/uploads\/2022\/04\/SangCiti.png\" \/>\n<meta name=\"twitter:card\" content=\"summary_large_image\" \/>\n<meta name=\"twitter:label1\" content=\"Est. reading time\" \/>\n\t<meta name=\"twitter:data1\" content=\"6 minutes\" \/>\n<script type=\"application\/ld+json\" class=\"yoast-schema-graph\">{\"@context\":\"https:\/\/schema.org\",\"@graph\":[{\"@type\":\"WebPage\",\"@id\":\"https:\/\/bell24vietnam.vn\/nganh\/bat-dong-san\/\",\"url\":\"https:\/\/bell24vietnam.vn\/nganh\/bat-dong-san\/\",\"name\":\"Gi\u1ea3i ph\u00e1p t\u1ed5ng \u0111\u00e0i Call center chuy\u00ean nghi\u1ec7p ng\u00e0nh B\u1ea5t \u0110\u1ed9ng S\u1ea3n\",\"isPartOf\":{\"@id\":\"https:\/\/bell24vietnam.vn\/#website\"},\"primaryImageOfPage\":{\"@id\":\"https:\/\/bell24vietnam.vn\/nganh\/bat-dong-san\/#primaryimage\"},\"image\":{\"@id\":\"https:\/\/bell24vietnam.vn\/nganh\/bat-dong-san\/#primaryimage\"},\"thumbnailUrl\":\"https:\/\/bell24vietnam.vn\/wp-content\/uploads\/2022\/04\/SangCiti.png\",\"datePublished\":\"2022-04-15T03:43:57+00:00\",\"dateModified\":\"2022-04-15T03:43:57+00:00\",\"description\":\"Khai th\u00e1c v\u00e0 s\u1eed d\u1ee5ng Data thi\u1ebfu hi\u1ec7u qu\u1ea3, kh\u00f3 kh\u0103n trong qu\u1ea3n l\u00fd, \u0111\u00e1nh gi\u00e1 ch\u1ea5t l\u01b0\u1ee3ng data, kh\u00f3 theo d\u00f5i v\u00e0 n\u1eafm b\u1eaft t\u00ecnh tr\u1ea1ng l\u00e0m vi\u1ec7c c\u1ee7a nh\u00e2n vi\u00ean Sales, v\u00e0 doanh nghi\u1ec7p th\u01b0\u1eddng m\u1ea5t r\u1ea5t nhi\u1ec1u ngu\u1ed3n l\u1ef1c cho c\u00e1c c\u00f4ng vi\u1ec7c truy\u1ec1n th\u00f4ng qu\u1ea3ng b\u00e1 s\u1ea3n ph\u1ea9m.\",\"breadcrumb\":{\"@id\":\"https:\/\/bell24vietnam.vn\/nganh\/bat-dong-san\/#breadcrumb\"},\"inLanguage\":\"en-US\",\"potentialAction\":[{\"@type\":\"ReadAction\",\"target\":[\"https:\/\/bell24vietnam.vn\/nganh\/bat-dong-san\/\"]}]},{\"@type\":\"ImageObject\",\"inLanguage\":\"en-US\",\"@id\":\"https:\/\/bell24vietnam.vn\/nganh\/bat-dong-san\/#primaryimage\",\"url\":\"https:\/\/bell24vietnam.vn\/wp-content\/uploads\/2022\/04\/SangCiti.png\",\"contentUrl\":\"https:\/\/bell24vietnam.vn\/wp-content\/uploads\/2022\/04\/SangCiti.png\"},{\"@type\":\"BreadcrumbList\",\"@id\":\"https:\/\/bell24vietnam.vn\/nganh\/bat-dong-san\/#breadcrumb\",\"itemListElement\":[{\"@type\":\"ListItem\",\"position\":1,\"name\":\"Home\",\"item\":\"https:\/\/bell24vietnam.vn\/\"},{\"@type\":\"ListItem\",\"position\":2,\"name\":\"Ng\u00e0nh\",\"item\":\"https:\/\/bell24vietnam.vn\/nganh\/\"},{\"@type\":\"ListItem\",\"position\":3,\"name\":\"Gi\u1ea3i ph\u00e1p t\u1ed5ng \u0111\u00e0i Call center chuy\u00ean nghi\u1ec7p ng\u00e0nh B\u1ea5t \u0110\u1ed9ng S\u1ea3n\"}]},{\"@type\":\"WebSite\",\"@id\":\"https:\/\/bell24vietnam.vn\/#website\",\"url\":\"https:\/\/bell24vietnam.vn\/\",\"name\":\"Bellsystem24 Vietnam\",\"description\":\"Every voice matter\",\"publisher\":{\"@id\":\"https:\/\/bell24vietnam.vn\/#organization\"},\"potentialAction\":[{\"@type\":\"SearchAction\",\"target\":{\"@type\":\"EntryPoint\",\"urlTemplate\":\"https:\/\/bell24vietnam.vn\/?s={search_term_string}\"},\"query-input\":\"required name=search_term_string\"}],\"inLanguage\":\"en-US\"},{\"@type\":\"Organization\",\"@id\":\"https:\/\/bell24vietnam.vn\/#organization\",\"name\":\"Bellsystem24 Vietnam\",\"url\":\"https:\/\/bell24vietnam.vn\/\",\"logo\":{\"@type\":\"ImageObject\",\"inLanguage\":\"en-US\",\"@id\":\"https:\/\/bell24vietnam.vn\/#\/schema\/logo\/image\/\",\"url\":\"https:\/\/bell24vietnam.vn\/wp-content\/uploads\/2024\/06\/BellSystem24.png\",\"contentUrl\":\"https:\/\/bell24vietnam.vn\/wp-content\/uploads\/2024\/06\/BellSystem24.png\",\"width\":426,\"height\":118,\"caption\":\"Bellsystem24 Vietnam\"},\"image\":{\"@id\":\"https:\/\/bell24vietnam.vn\/#\/schema\/logo\/image\/\"},\"sameAs\":[\"https:\/\/www.facebook.com\/BELLSYSTEM24.VIETNAM\",\"https:\/\/www.youtube.com\/@BELLSYSTEM24.VIETNAM\",\"https:\/\/www.linkedin.com\/company\/bellsystem24vietnam\"]}]}<\/script>\n<!-- \/ Yoast SEO plugin. -->","yoast_head_json":{"title":"Professional Call Center Solutions for the Real Estate Industry","description":"Inefficient data mining and utilization, difficulties in managing and evaluating data quality, challenges in monitoring and understanding the work status of sales staff, and businesses often spend significant resources on product promotion and communication activities.","robots":{"index":"index","follow":"follow","max-snippet":"max-snippet:-1","max-image-preview":"max-image-preview:large","max-video-preview":"max-video-preview:-1"},"canonical":"https:\/\/bell24vietnam.vn\/en\/industry\/real-estate\/","og_locale":"en_US","og_type":"article","og_title":"Gi\u1ea3i ph\u00e1p t\u1ed5ng \u0111\u00e0i Call center chuy\u00ean nghi\u1ec7p ng\u00e0nh B\u1ea5t \u0110\u1ed9ng S\u1ea3n","og_description":"Khai th\u00e1c v\u00e0 s\u1eed d\u1ee5ng Data thi\u1ebfu hi\u1ec7u qu\u1ea3, kh\u00f3 kh\u0103n trong qu\u1ea3n l\u00fd, \u0111\u00e1nh gi\u00e1 ch\u1ea5t l\u01b0\u1ee3ng data, kh\u00f3 theo d\u00f5i v\u00e0 n\u1eafm b\u1eaft t\u00ecnh tr\u1ea1ng l\u00e0m vi\u1ec7c c\u1ee7a nh\u00e2n vi\u00ean Sales, v\u00e0 doanh nghi\u1ec7p th\u01b0\u1eddng m\u1ea5t r\u1ea5t nhi\u1ec1u ngu\u1ed3n l\u1ef1c cho c\u00e1c c\u00f4ng vi\u1ec7c truy\u1ec1n th\u00f4ng qu\u1ea3ng b\u00e1 s\u1ea3n ph\u1ea9m.","og_url":"https:\/\/bell24vietnam.vn\/en\/industry\/real-estate\/","og_site_name":"Bellsystem24 Vietnam","article_publisher":"https:\/\/www.facebook.com\/BELLSYSTEM24.VIETNAM","og_image":[{"url":"https:\/\/bell24vietnam.vn\/wp-content\/uploads\/2022\/04\/SangCiti.png"}],"twitter_card":"summary_large_image","twitter_misc":{"Est. reading time":"6 minutes"},"schema":{"@context":"https:\/\/schema.org","@graph":[{"@type":"WebPage","@id":"https:\/\/bell24vietnam.vn\/nganh\/bat-dong-san\/","url":"https:\/\/bell24vietnam.vn\/nganh\/bat-dong-san\/","name":"Professional Call Center Solutions for the Real Estate Industry","isPartOf":{"@id":"https:\/\/bell24vietnam.vn\/#website"},"primaryImageOfPage":{"@id":"https:\/\/bell24vietnam.vn\/nganh\/bat-dong-san\/#primaryimage"},"image":{"@id":"https:\/\/bell24vietnam.vn\/nganh\/bat-dong-san\/#primaryimage"},"thumbnailUrl":"https:\/\/bell24vietnam.vn\/wp-content\/uploads\/2022\/04\/SangCiti.png","datePublished":"2022-04-15T03:43:57+00:00","dateModified":"2022-04-15T03:43:57+00:00","description":"Inefficient data mining and utilization, difficulties in managing and evaluating data quality, challenges in monitoring and understanding the work status of sales staff, and businesses often spend significant resources on product promotion and communication activities.","breadcrumb":{"@id":"https:\/\/bell24vietnam.vn\/nganh\/bat-dong-san\/#breadcrumb"},"inLanguage":"en-US","potentialAction":[{"@type":"ReadAction","target":["https:\/\/bell24vietnam.vn\/nganh\/bat-dong-san\/"]}]},{"@type":"ImageObject","inLanguage":"en-US","@id":"https:\/\/bell24vietnam.vn\/nganh\/bat-dong-san\/#primaryimage","url":"https:\/\/bell24vietnam.vn\/wp-content\/uploads\/2022\/04\/SangCiti.png","contentUrl":"https:\/\/bell24vietnam.vn\/wp-content\/uploads\/2022\/04\/SangCiti.png"},{"@type":"BreadcrumbList","@id":"https:\/\/bell24vietnam.vn\/nganh\/bat-dong-san\/#breadcrumb","itemListElement":[{"@type":"ListItem","position":1,"name":"Home","item":"https:\/\/bell24vietnam.vn\/"},{"@type":"ListItem","position":2,"name":"Ng\u00e0nh","item":"https:\/\/bell24vietnam.vn\/nganh\/"},{"@type":"ListItem","position":3,"name":"Gi\u1ea3i ph\u00e1p t\u1ed5ng \u0111\u00e0i Call center chuy\u00ean nghi\u1ec7p ng\u00e0nh B\u1ea5t \u0110\u1ed9ng S\u1ea3n"}]},{"@type":"WebSite","@id":"https:\/\/bell24vietnam.vn\/#website","url":"https:\/\/bell24vietnam.vn\/","name":"Bellsystem24 Vietnam","description":"Every voice matters","publisher":{"@id":"https:\/\/bell24vietnam.vn\/#organization"},"potentialAction":[{"@type":"SearchAction","target":{"@type":"EntryPoint","urlTemplate":"https:\/\/bell24vietnam.vn\/?s={search_term_string}"},"query-input":"required name=search_term_string"}],"inLanguage":"en-US"},{"@type":"Organization","@id":"https:\/\/bell24vietnam.vn\/#organization","name":"Bellsystem24 Vietnam","url":"https:\/\/bell24vietnam.vn\/","logo":{"@type":"ImageObject","inLanguage":"en-US","@id":"https:\/\/bell24vietnam.vn\/#\/schema\/logo\/image\/","url":"https:\/\/bell24vietnam.vn\/wp-content\/uploads\/2024\/06\/BellSystem24.png","contentUrl":"https:\/\/bell24vietnam.vn\/wp-content\/uploads\/2024\/06\/BellSystem24.png","width":426,"height":118,"caption":"Bellsystem24 Vietnam"},"image":{"@id":"https:\/\/bell24vietnam.vn\/#\/schema\/logo\/image\/"},"sameAs":["https:\/\/www.facebook.com\/BELLSYSTEM24.VIETNAM","https:\/\/www.youtube.com\/@BELLSYSTEM24.VIETNAM","https:\/\/www.linkedin.com\/company\/bellsystem24vietnam"]}]}},"_links":{"self":[{"href":"https:\/\/bell24vietnam.vn\/en\/wp-json\/wp\/v2\/pages\/2203","targetHints":{"allow":["GET"]}}],"collection":[{"href":"https:\/\/bell24vietnam.vn\/en\/wp-json\/wp\/v2\/pages"}],"about":[{"href":"https:\/\/bell24vietnam.vn\/en\/wp-json\/wp\/v2\/types\/page"}],"author":[{"embeddable":true,"href":"https:\/\/bell24vietnam.vn\/en\/wp-json\/wp\/v2\/users\/1"}],"replies":[{"embeddable":true,"href":"https:\/\/bell24vietnam.vn\/en\/wp-json\/wp\/v2\/comments?post=2203"}],"version-history":[{"count":0,"href":"https:\/\/bell24vietnam.vn\/en\/wp-json\/wp\/v2\/pages\/2203\/revisions"}],"up":[{"embeddable":true,"href":"https:\/\/bell24vietnam.vn\/en\/wp-json\/wp\/v2\/pages\/593"}],"wp:attachment":[{"href":"https:\/\/bell24vietnam.vn\/en\/wp-json\/wp\/v2\/media?parent=2203"}],"curies":[{"name":"wp","href":"https:\/\/api.w.org\/{rel}","templated":true}]}}