{"id":9744,"date":"2023-05-05T10:24:00","date_gmt":"2023-05-05T03:24:00","guid":{"rendered":"https:\/\/bell24vietnam.vn\/?page_id=9744"},"modified":"2023-05-05T10:24:00","modified_gmt":"2023-05-05T03:24:00","slug":"bat-dau-hanh-trinh-su-nghiep-cung-bellsystem24-vietnam","status":"publish","type":"page","link":"https:\/\/bell24vietnam.vn\/en\/bat-dau-hanh-trinh-su-nghiep-cung-bellsystem24-vietnam\/","title":{"rendered":"B\u1eaft \u0111\u1ea7u h\u00e0nh tr\u00ecnh s\u1ef1 nghi\u1ec7p c\u00f9ng Bellsystem24 Vietnam"},"content":{"rendered":"<h2>B\u1eaft \u0111\u1ea7u h\u00e0nh tr\u00ecnh s\u1ef1 nghi\u1ec7p c\u00f9ng Bellsystem24 Vietnam\u200b<\/h2>\n<p>Join BELLSYSTEM24 VIETNAM to become \u201cYour better version\u201d and create good values together!<\/p>\n<figure><a href=\"https:\/\/bell24vietnam.vn\/en\/dich-vu-speech-to-text\/\"><img loading=\"lazy\" decoding=\"async\" width=\"200\" height=\"200\" src=\"https:\/\/bell24vietnam.vn\/wp-content\/uploads\/2022\/04\/speechtotext.png\" alt=\"speechtotext\" \/><\/a><\/figure>\n<h3><a href=\"https:\/\/bell24vietnam.vn\/en\/dich-vu-speech-to-text\/\">Nh\u00e2n vi\u00ean ch\u00ednh th\u1ee9c<\/a><\/h3>\n<p>Vi\u1ec7c l\u00e0m t\u1ea1i c\u00e1c d\u1ef1 \u00e1n l\u1edbn, v\u00e0 kh\u1ed1i BO. V\u1edbi ch\u00ednh s\u00e1ch \u0111\u00e3i ng\u1ed9 v\u00e0 l\u1ed9 tr\u00ecnh ph\u00e1t tri\u1ec3n h\u1ea5p d\u1eabn<\/p>\n<figure><a href=\"https:\/\/bell24vietnam.vn\/en\/text-to-speech-service\/\"><img loading=\"lazy\" decoding=\"async\" width=\"200\" height=\"200\" src=\"https:\/\/bell24vietnam.vn\/wp-content\/uploads\/2022\/04\/texttospeech.png\" alt=\"texttospeech\" \/><\/a><\/figure>\n<h3><a href=\"https:\/\/bell24vietnam.vn\/en\/text-to-speech-service\/\">Th\u1ef1c t\u1eadp sinh<\/a><\/h3>\n<p>C\u01a1 h\u1ed9i th\u1ef1c t\u1eadp trong m\u00f4i tr\u01b0\u1eddng tr\u1ebb trung, n\u0103ng \u0111\u1ed9ng, gi\u00fap c\u00e1c b\u1ea1n TTS h\u1ecdc h\u1ecfi v\u00e0 ph\u00e1t tri\u1ec3n<\/p>","protected":false},"excerpt":{"rendered":"<p>B\u1eaft \u0111\u1ea7u h\u00e0nh tr\u00ecnh s\u1ef1 nghi\u1ec7p c\u00f9ng Bellsystem24 Vietnam\u200b H\u00e3y gia nh\u1eadp BELLSYSTEM24 VIETNAM \u0111\u1ec3 tr\u1edf th\u00e0nh \u201cYour better version\u201d [&hellip;]<\/p>","protected":false},"author":1,"featured_media":9429,"parent":0,"menu_order":0,"comment_status":"closed","ping_status":"closed","template":"","meta":{"_acf_changed":false,"_monsterinsights_skip_tracking":false,"_monsterinsights_sitenote_active":false,"_monsterinsights_sitenote_note":"","_monsterinsights_sitenote_category":0,"site-sidebar-layout":"default","site-content-layout":"page-builder","ast-site-content-layout":"","site-content-style":"default","site-sidebar-style":"default","ast-global-header-display":"","ast-banner-title-visibility":"","ast-main-header-display":"","ast-hfb-above-header-display":"","ast-hfb-below-header-display":"","ast-hfb-mobile-header-display":"","site-post-title":"disabled","ast-breadcrumbs-content":"","ast-featured-img":"disabled","footer-sml-layout":"","theme-transparent-header-meta":"default","adv-header-id-meta":"","stick-header-meta":"","header-above-stick-meta":"","header-main-stick-meta":"","header-below-stick-meta":"","astra-migrate-meta-layouts":"default","ast-page-background-enabled":"default","ast-page-background-meta":{"desktop":{"background-color":"var(--ast-global-color-4)","background-image":"","background-repeat":"repeat","background-position":"center center","background-size":"auto","background-attachment":"scroll","background-type":"","background-media":"","overlay-type":"","overlay-color":"","overlay-opacity":"","overlay-gradient":""},"tablet":{"background-color":"","background-image":"","background-repeat":"repeat","background-position":"center center","background-size":"auto","background-attachment":"scroll","background-type":"","background-media":"","overlay-type":"","overlay-color":"","overlay-opacity":"","overlay-gradient":""},"mobile":{"background-color":"","background-image":"","background-repeat":"repeat","background-position":"center center","background-size":"auto","background-attachment":"scroll","background-type":"","background-media":"","overlay-type":"","overlay-color":"","overlay-opacity":"","overlay-gradient":""}},"ast-content-background-meta":{"desktop":{"background-color":"var(--ast-global-color-5)","background-image":"","background-repeat":"repeat","background-position":"center center","background-size":"auto","background-attachment":"scroll","background-type":"","background-media":"","overlay-type":"","overlay-color":"","overlay-opacity":"","overlay-gradient":""},"tablet":{"background-color":"var(--ast-global-color-5)","background-image":"","background-repeat":"repeat","background-position":"center center","background-size":"auto","background-attachment":"scroll","background-type":"","background-media":"","overlay-type":"","overlay-color":"","overlay-opacity":"","overlay-gradient":""},"mobile":{"background-color":"var(--ast-global-color-5)","background-image":"","background-repeat":"repeat","background-position":"center center","background-size":"auto","background-attachment":"scroll","background-type":"","background-media":"","overlay-type":"","overlay-color":"","overlay-opacity":"","overlay-gradient":""}},"footnotes":""},"class_list":["post-9744","page","type-page","status-publish","has-post-thumbnail","hentry"],"acf":[],"yoast_head":"<!-- This site is optimized with the Yoast SEO plugin v23.0 - https:\/\/yoast.com\/wordpress\/plugins\/seo\/ -->\n<title>B\u1eaft \u0111\u1ea7u h\u00e0nh tr\u00ecnh s\u1ef1 nghi\u1ec7p c\u00f9ng Bellsystem24 Vietnam<\/title>\n<meta name=\"description\" content=\"Bellsystem24 Vietnam \u0111ang tuy\u1ec3n d\u1ee5ng c\u00e1c v\u1ecb tr\u00ed ch\u00ednh th\u1ee9c, TTS d\u00e0nh cho c\u00e1c b\u1ea1n nh\u00e2n s\u1ef1 tr\u1ebb\" \/>\n<meta name=\"robots\" content=\"index, follow, max-snippet:-1, max-image-preview:large, max-video-preview:-1\" \/>\n<link rel=\"canonical\" href=\"https:\/\/bell24vietnam.vn\/en\/bat-dau-hanh-trinh-su-nghiep-cung-bellsystem24-vietnam\/\" \/>\n<meta property=\"og:locale\" content=\"en_US\" \/>\n<meta property=\"og:type\" content=\"article\" \/>\n<meta property=\"og:title\" content=\"B\u1eaft \u0111\u1ea7u h\u00e0nh tr\u00ecnh s\u1ef1 nghi\u1ec7p c\u00f9ng Bellsystem24 Vietnam\" \/>\n<meta property=\"og:description\" content=\"Bellsystem24 Vietnam \u0111ang tuy\u1ec3n d\u1ee5ng c\u00e1c v\u1ecb tr\u00ed ch\u00ednh th\u1ee9c, TTS d\u00e0nh cho c\u00e1c b\u1ea1n nh\u00e2n s\u1ef1 tr\u1ebb\" \/>\n<meta property=\"og:url\" content=\"https:\/\/bell24vietnam.vn\/en\/bat-dau-hanh-trinh-su-nghiep-cung-bellsystem24-vietnam\/\" \/>\n<meta property=\"og:site_name\" content=\"Bellsystem24 Vietnam\" \/>\n<meta property=\"article:publisher\" content=\"https:\/\/www.facebook.com\/BELLSYSTEM24.VIETNAM\" \/>\n<meta property=\"og:image\" content=\"https:\/\/bell24vietnam.vn\/wp-content\/uploads\/2024\/06\/BellSystem24.png\" \/>\n\t<meta property=\"og:image:width\" content=\"426\" \/>\n\t<meta property=\"og:image:height\" content=\"118\" \/>\n\t<meta property=\"og:image:type\" content=\"image\/png\" \/>\n<meta name=\"twitter:card\" content=\"summary_large_image\" \/>\n<meta name=\"twitter:label1\" content=\"Est. reading time\" \/>\n\t<meta name=\"twitter:data1\" content=\"1 minute\" \/>\n<script type=\"application\/ld+json\" class=\"yoast-schema-graph\">{\"@context\":\"https:\/\/schema.org\",\"@graph\":[{\"@type\":\"WebPage\",\"@id\":\"https:\/\/bell24vietnam.vn\/bat-dau-hanh-trinh-su-nghiep-cung-bellsystem24-vietnam\/\",\"url\":\"https:\/\/bell24vietnam.vn\/bat-dau-hanh-trinh-su-nghiep-cung-bellsystem24-vietnam\/\",\"name\":\"B\u1eaft \u0111\u1ea7u h\u00e0nh tr\u00ecnh s\u1ef1 nghi\u1ec7p c\u00f9ng Bellsystem24 Vietnam\",\"isPartOf\":{\"@id\":\"https:\/\/bell24vietnam.vn\/#website\"},\"primaryImageOfPage\":{\"@id\":\"https:\/\/bell24vietnam.vn\/bat-dau-hanh-trinh-su-nghiep-cung-bellsystem24-vietnam\/#primaryimage\"},\"image\":{\"@id\":\"https:\/\/bell24vietnam.vn\/bat-dau-hanh-trinh-su-nghiep-cung-bellsystem24-vietnam\/#primaryimage\"},\"thumbnailUrl\":\"\",\"datePublished\":\"2023-05-05T03:24:00+00:00\",\"dateModified\":\"2023-05-05T03:24:00+00:00\",\"description\":\"Bellsystem24 Vietnam \u0111ang tuy\u1ec3n d\u1ee5ng c\u00e1c v\u1ecb tr\u00ed ch\u00ednh th\u1ee9c, TTS d\u00e0nh cho c\u00e1c b\u1ea1n nh\u00e2n s\u1ef1 tr\u1ebb\",\"breadcrumb\":{\"@id\":\"https:\/\/bell24vietnam.vn\/bat-dau-hanh-trinh-su-nghiep-cung-bellsystem24-vietnam\/#breadcrumb\"},\"inLanguage\":\"en-US\",\"potentialAction\":[{\"@type\":\"ReadAction\",\"target\":[\"https:\/\/bell24vietnam.vn\/bat-dau-hanh-trinh-su-nghiep-cung-bellsystem24-vietnam\/\"]}]},{\"@type\":\"ImageObject\",\"inLanguage\":\"en-US\",\"@id\":\"https:\/\/bell24vietnam.vn\/bat-dau-hanh-trinh-su-nghiep-cung-bellsystem24-vietnam\/#primaryimage\",\"url\":\"\",\"contentUrl\":\"\"},{\"@type\":\"BreadcrumbList\",\"@id\":\"https:\/\/bell24vietnam.vn\/bat-dau-hanh-trinh-su-nghiep-cung-bellsystem24-vietnam\/#breadcrumb\",\"itemListElement\":[{\"@type\":\"ListItem\",\"position\":1,\"name\":\"Home\",\"item\":\"https:\/\/bell24vietnam.vn\/\"},{\"@type\":\"ListItem\",\"position\":2,\"name\":\"B\u1eaft \u0111\u1ea7u h\u00e0nh tr\u00ecnh s\u1ef1 nghi\u1ec7p c\u00f9ng Bellsystem24 Vietnam\"}]},{\"@type\":\"WebSite\",\"@id\":\"https:\/\/bell24vietnam.vn\/#website\",\"url\":\"https:\/\/bell24vietnam.vn\/\",\"name\":\"Bellsystem24 Vietnam\",\"description\":\"Every voice matter\",\"publisher\":{\"@id\":\"https:\/\/bell24vietnam.vn\/#organization\"},\"potentialAction\":[{\"@type\":\"SearchAction\",\"target\":{\"@type\":\"EntryPoint\",\"urlTemplate\":\"https:\/\/bell24vietnam.vn\/?s={search_term_string}\"},\"query-input\":\"required name=search_term_string\"}],\"inLanguage\":\"en-US\"},{\"@type\":\"Organization\",\"@id\":\"https:\/\/bell24vietnam.vn\/#organization\",\"name\":\"Bellsystem24 Vietnam\",\"url\":\"https:\/\/bell24vietnam.vn\/\",\"logo\":{\"@type\":\"ImageObject\",\"inLanguage\":\"en-US\",\"@id\":\"https:\/\/bell24vietnam.vn\/#\/schema\/logo\/image\/\",\"url\":\"https:\/\/bell24vietnam.vn\/wp-content\/uploads\/2024\/06\/BellSystem24.png\",\"contentUrl\":\"https:\/\/bell24vietnam.vn\/wp-content\/uploads\/2024\/06\/BellSystem24.png\",\"width\":426,\"height\":118,\"caption\":\"Bellsystem24 Vietnam\"},\"image\":{\"@id\":\"https:\/\/bell24vietnam.vn\/#\/schema\/logo\/image\/\"},\"sameAs\":[\"https:\/\/www.facebook.com\/BELLSYSTEM24.VIETNAM\",\"https:\/\/www.youtube.com\/@BELLSYSTEM24.VIETNAM\",\"https:\/\/www.linkedin.com\/company\/bellsystem24vietnam\"]}]}<\/script>\n<!-- \/ Yoast SEO plugin. -->","yoast_head_json":{"title":"B\u1eaft \u0111\u1ea7u h\u00e0nh tr\u00ecnh s\u1ef1 nghi\u1ec7p c\u00f9ng Bellsystem24 Vietnam","description":"Bellsystem24 Vietnam \u0111ang tuy\u1ec3n d\u1ee5ng c\u00e1c v\u1ecb tr\u00ed ch\u00ednh th\u1ee9c, TTS d\u00e0nh cho c\u00e1c b\u1ea1n nh\u00e2n s\u1ef1 tr\u1ebb","robots":{"index":"index","follow":"follow","max-snippet":"max-snippet:-1","max-image-preview":"max-image-preview:large","max-video-preview":"max-video-preview:-1"},"canonical":"https:\/\/bell24vietnam.vn\/en\/bat-dau-hanh-trinh-su-nghiep-cung-bellsystem24-vietnam\/","og_locale":"en_US","og_type":"article","og_title":"B\u1eaft \u0111\u1ea7u h\u00e0nh tr\u00ecnh s\u1ef1 nghi\u1ec7p c\u00f9ng Bellsystem24 Vietnam","og_description":"Bellsystem24 Vietnam \u0111ang tuy\u1ec3n d\u1ee5ng c\u00e1c v\u1ecb tr\u00ed ch\u00ednh th\u1ee9c, TTS d\u00e0nh cho c\u00e1c b\u1ea1n nh\u00e2n s\u1ef1 tr\u1ebb","og_url":"https:\/\/bell24vietnam.vn\/en\/bat-dau-hanh-trinh-su-nghiep-cung-bellsystem24-vietnam\/","og_site_name":"Bellsystem24 Vietnam","article_publisher":"https:\/\/www.facebook.com\/BELLSYSTEM24.VIETNAM","og_image":[{"width":426,"height":118,"url":"https:\/\/bell24vietnam.vn\/wp-content\/uploads\/2024\/06\/BellSystem24.png","type":"image\/png"}],"twitter_card":"summary_large_image","twitter_misc":{"Est. reading time":"1 minute"},"schema":{"@context":"https:\/\/schema.org","@graph":[{"@type":"WebPage","@id":"https:\/\/bell24vietnam.vn\/bat-dau-hanh-trinh-su-nghiep-cung-bellsystem24-vietnam\/","url":"https:\/\/bell24vietnam.vn\/bat-dau-hanh-trinh-su-nghiep-cung-bellsystem24-vietnam\/","name":"B\u1eaft \u0111\u1ea7u h\u00e0nh tr\u00ecnh s\u1ef1 nghi\u1ec7p c\u00f9ng Bellsystem24 Vietnam","isPartOf":{"@id":"https:\/\/bell24vietnam.vn\/#website"},"primaryImageOfPage":{"@id":"https:\/\/bell24vietnam.vn\/bat-dau-hanh-trinh-su-nghiep-cung-bellsystem24-vietnam\/#primaryimage"},"image":{"@id":"https:\/\/bell24vietnam.vn\/bat-dau-hanh-trinh-su-nghiep-cung-bellsystem24-vietnam\/#primaryimage"},"thumbnailUrl":"","datePublished":"2023-05-05T03:24:00+00:00","dateModified":"2023-05-05T03:24:00+00:00","description":"Bellsystem24 Vietnam \u0111ang tuy\u1ec3n d\u1ee5ng c\u00e1c v\u1ecb tr\u00ed ch\u00ednh th\u1ee9c, TTS d\u00e0nh cho c\u00e1c b\u1ea1n nh\u00e2n s\u1ef1 tr\u1ebb","breadcrumb":{"@id":"https:\/\/bell24vietnam.vn\/bat-dau-hanh-trinh-su-nghiep-cung-bellsystem24-vietnam\/#breadcrumb"},"inLanguage":"en-US","potentialAction":[{"@type":"ReadAction","target":["https:\/\/bell24vietnam.vn\/bat-dau-hanh-trinh-su-nghiep-cung-bellsystem24-vietnam\/"]}]},{"@type":"ImageObject","inLanguage":"en-US","@id":"https:\/\/bell24vietnam.vn\/bat-dau-hanh-trinh-su-nghiep-cung-bellsystem24-vietnam\/#primaryimage","url":"","contentUrl":""},{"@type":"BreadcrumbList","@id":"https:\/\/bell24vietnam.vn\/bat-dau-hanh-trinh-su-nghiep-cung-bellsystem24-vietnam\/#breadcrumb","itemListElement":[{"@type":"ListItem","position":1,"name":"Home","item":"https:\/\/bell24vietnam.vn\/"},{"@type":"ListItem","position":2,"name":"B\u1eaft \u0111\u1ea7u h\u00e0nh tr\u00ecnh s\u1ef1 nghi\u1ec7p c\u00f9ng Bellsystem24 Vietnam"}]},{"@type":"WebSite","@id":"https:\/\/bell24vietnam.vn\/#website","url":"https:\/\/bell24vietnam.vn\/","name":"Bellsystem24 Vietnam","description":"Every voice matters","publisher":{"@id":"https:\/\/bell24vietnam.vn\/#organization"},"potentialAction":[{"@type":"SearchAction","target":{"@type":"EntryPoint","urlTemplate":"https:\/\/bell24vietnam.vn\/?s={search_term_string}"},"query-input":"required name=search_term_string"}],"inLanguage":"en-US"},{"@type":"Organization","@id":"https:\/\/bell24vietnam.vn\/#organization","name":"Bellsystem24 Vietnam","url":"https:\/\/bell24vietnam.vn\/","logo":{"@type":"ImageObject","inLanguage":"en-US","@id":"https:\/\/bell24vietnam.vn\/#\/schema\/logo\/image\/","url":"https:\/\/bell24vietnam.vn\/wp-content\/uploads\/2024\/06\/BellSystem24.png","contentUrl":"https:\/\/bell24vietnam.vn\/wp-content\/uploads\/2024\/06\/BellSystem24.png","width":426,"height":118,"caption":"Bellsystem24 Vietnam"},"image":{"@id":"https:\/\/bell24vietnam.vn\/#\/schema\/logo\/image\/"},"sameAs":["https:\/\/www.facebook.com\/BELLSYSTEM24.VIETNAM","https:\/\/www.youtube.com\/@BELLSYSTEM24.VIETNAM","https:\/\/www.linkedin.com\/company\/bellsystem24vietnam"]}]}},"_links":{"self":[{"href":"https:\/\/bell24vietnam.vn\/en\/wp-json\/wp\/v2\/pages\/9744","targetHints":{"allow":["GET"]}}],"collection":[{"href":"https:\/\/bell24vietnam.vn\/en\/wp-json\/wp\/v2\/pages"}],"about":[{"href":"https:\/\/bell24vietnam.vn\/en\/wp-json\/wp\/v2\/types\/page"}],"author":[{"embeddable":true,"href":"https:\/\/bell24vietnam.vn\/en\/wp-json\/wp\/v2\/users\/1"}],"replies":[{"embeddable":true,"href":"https:\/\/bell24vietnam.vn\/en\/wp-json\/wp\/v2\/comments?post=9744"}],"version-history":[{"count":1,"href":"https:\/\/bell24vietnam.vn\/en\/wp-json\/wp\/v2\/pages\/9744\/revisions"}],"predecessor-version":[{"id":16118,"href":"https:\/\/bell24vietnam.vn\/en\/wp-json\/wp\/v2\/pages\/9744\/revisions\/16118"}],"wp:featuredmedia":[{"embeddable":true,"href":"https:\/\/bell24vietnam.vn\/en\/wp-json\/"}],"wp:attachment":[{"href":"https:\/\/bell24vietnam.vn\/en\/wp-json\/wp\/v2\/media?parent=9744"}],"curies":[{"name":"wp","href":"https:\/\/api.w.org\/{rel}","templated":true}]}}